{"id":11058,"date":"2023-01-12T10:07:22","date_gmt":"2023-01-12T09:07:22","guid":{"rendered":"https:\/\/relaunch.timm-technology.com\/?page_id=11058"},"modified":"2023-07-18T10:37:38","modified_gmt":"2023-07-18T08:37:38","slug":"widerrufsbelehrung","status":"publish","type":"page","link":"https:\/\/timm-technology.com\/de\/widerrufsbelehrung\/","title":{"rendered":"Widerrufsbelehrung"},"content":{"rendered":"<p>Ist der Kunde Unternehmer (\u00a7 14 BGB), so hat er kein Widerrufs- und R\u00fcckgaberecht gem. \u00a7 312d BGB i. V. m. \u00a7\u00a7 355, 356 BGB. Das Widerrufsrecht gilt nur f\u00fcr Verbraucher im Sinne des \u00a7 13 BGB (jede nat\u00fcrliche Person, die ein Rechtsgesch\u00e4ft zu einem Zwecke abschlie\u00dft, der weder ihrer gewerblichen noch selbst\u00e4ndigen beruflichen T\u00e4tigkeit zugerechnet werden kann).<\/p>\n<p>Adresse:<br \/>\nTimm Technology GmbH<br \/>\nSenefelder-Ring 45<br \/>\n21465 Reinbek<\/p>\n<p>E-Mail:<br \/>\ninfo@timm-technology.de<\/p>\n<p>Telefon:<br \/>\n040 248 35 63 0<\/p>\n","protected":false},"excerpt":{"rendered":"<p>Ist der Kunde Unternehmer (\u00a7 14 BGB), so hat er kein Widerrufs- und R\u00fcckgaberecht gem. \u00a7 312d BGB i. V. m. \u00a7\u00a7 355, 356 BGB. Das Widerrufsrecht gilt nur f\u00fcr Verbraucher im Sinne des \u00a7 13 BGB (jede nat\u00fcrliche Person, die ein Rechtsgesch\u00e4ft zu einem Zwecke abschlie\u00dft, der weder ihrer gewerblichen noch selbst\u00e4ndigen beruflichen T\u00e4tigkeit [&hellip;]<\/p>\n","protected":false},"author":1,"featured_media":0,"parent":0,"menu_order":0,"comment_status":"closed","ping_status":"closed","template":"","meta":{"footnotes":""},"class_list":["post-11058","page","type-page","status-publish","hentry"],"jetpack_sharing_enabled":true,"_links":{"self":[{"href":"https:\/\/timm-technology.com\/de\/wp-json\/wp\/v2\/pages\/11058","targetHints":{"allow":["GET"]}}],"collection":[{"href":"https:\/\/timm-technology.com\/de\/wp-json\/wp\/v2\/pages"}],"about":[{"href":"https:\/\/timm-technology.com\/de\/wp-json\/wp\/v2\/types\/page"}],"author":[{"embeddable":true,"href":"https:\/\/timm-technology.com\/de\/wp-json\/wp\/v2\/users\/1"}],"replies":[{"embeddable":true,"href":"https:\/\/timm-technology.com\/de\/wp-json\/wp\/v2\/comments?post=11058"}],"version-history":[{"count":3,"href":"https:\/\/timm-technology.com\/de\/wp-json\/wp\/v2\/pages\/11058\/revisions"}],"predecessor-version":[{"id":11063,"href":"https:\/\/timm-technology.com\/de\/wp-json\/wp\/v2\/pages\/11058\/revisions\/11063"}],"wp:attachment":[{"href":"https:\/\/timm-technology.com\/de\/wp-json\/wp\/v2\/media?parent=11058"}],"curies":[{"name":"wp","href":"https:\/\/api.w.org\/{rel}","templated":true}]}}