{"id":13103,"date":"2024-03-19T11:52:38","date_gmt":"2024-03-19T10:52:38","guid":{"rendered":"https:\/\/timm-technology.com\/?page_id=13103"},"modified":"2024-03-19T12:28:07","modified_gmt":"2024-03-19T11:28:07","slug":"ihr-erdungstestgeraet-upgrade-google","status":"publish","type":"page","link":"https:\/\/timm-technology.com\/de\/ihr-erdungstestgeraet-upgrade-google\/","title":{"rendered":"Ihr Erdungstestger\u00e4t-Upgrade | Google"},"content":{"rendered":"\t\t<div data-elementor-type=\"wp-page\" data-elementor-id=\"13103\" class=\"elementor elementor-13103\" data-elementor-post-type=\"page\">\n\t\t\t\t\t\t<section class=\"elementor-section elementor-top-section elementor-element elementor-element-7c0bfccf elementor-section-full_width elementor-section-height-min-height elementor-section-items-bottom elementor-section-stretched elementor-section-height-default\" data-id=\"7c0bfccf\" data-element_type=\"section\" data-e-type=\"section\" data-settings=\"{&quot;background_background&quot;:&quot;classic&quot;,&quot;stretch_section&quot;:&quot;section-stretched&quot;}\">\n\t\t\t\t\t\t<div class=\"elementor-container elementor-column-gap-default\">\n\t\t\t\t\t<div class=\"elementor-column elementor-col-100 elementor-top-column elementor-element elementor-element-67062278\" data-id=\"67062278\" data-element_type=\"column\" data-e-type=\"column\">\n\t\t\t<div class=\"elementor-widget-wrap elementor-element-populated\">\n\t\t\t\t\t\t<section class=\"elementor-section elementor-inner-section elementor-element elementor-element-403d8c6b elementor-section-boxed elementor-section-height-default elementor-section-height-default\" data-id=\"403d8c6b\" data-element_type=\"section\" data-e-type=\"section\">\n\t\t\t\t\t\t<div class=\"elementor-container elementor-column-gap-default\">\n\t\t\t\t\t<div class=\"elementor-column elementor-col-100 elementor-inner-column elementor-element elementor-element-7a57c5e6\" data-id=\"7a57c5e6\" data-element_type=\"column\" data-e-type=\"column\">\n\t\t\t<div class=\"elementor-widget-wrap elementor-element-populated\">\n\t\t\t\t\t\t<div class=\"elementor-element elementor-element-59a28308 timm-corner elementor-widget__width-initial elementor-widget elementor-widget-text-editor\" data-id=\"59a28308\" data-element_type=\"widget\" data-e-type=\"widget\" data-widget_type=\"text-editor.default\">\n\t\t\t\t<div class=\"elementor-widget-container\">\n\t\t\t\t\t\t\t\t\t<p>Fr\u00fchlingsaktion\u00a0<\/p><p><strong>alt gegen neu\u00a0<\/strong><\/p>\t\t\t\t\t\t\t\t<\/div>\n\t\t\t\t<\/div>\n\t\t\t\t\t<\/div>\n\t\t<\/div>\n\t\t\t\t\t<\/div>\n\t\t<\/section>\n\t\t\t\t\t<\/div>\n\t\t<\/div>\n\t\t\t\t\t<\/div>\n\t\t<\/section>\n\t\t\t\t<section class=\"elementor-section elementor-top-section elementor-element elementor-element-e6b4cb6 elementor-section-boxed elementor-section-height-default elementor-section-height-default\" data-id=\"e6b4cb6\" data-element_type=\"section\" data-e-type=\"section\">\n\t\t\t\t\t\t<div class=\"elementor-container elementor-column-gap-default\">\n\t\t\t\t\t<div class=\"elementor-column elementor-col-100 elementor-top-column elementor-element elementor-element-692f1a77\" data-id=\"692f1a77\" data-element_type=\"column\" data-e-type=\"column\">\n\t\t\t<div class=\"elementor-widget-wrap elementor-element-populated\">\n\t\t\t\t\t\t<div class=\"elementor-element elementor-element-3e9042e3 elementor-widget elementor-widget-text-editor\" data-id=\"3e9042e3\" data-element_type=\"widget\" data-e-type=\"widget\" data-widget_type=\"text-editor.default\">\n\t\t\t\t<div class=\"elementor-widget-container\">\n\t\t\t\t\t\t\t\t\t<h1 style=\"text-align: center;\">ALT gegen NEU &#8211; Ihr Erdungstestger\u00e4t-Upgrade<\/h1><h2 style=\"text-align: center;\">MODERNISIEREN SIE IHRE SICHERHEIT\u00a0<\/h2>\t\t\t\t\t\t\t\t<\/div>\n\t\t\t\t<\/div>\n\t\t\t\t\t<\/div>\n\t\t<\/div>\n\t\t\t\t\t<\/div>\n\t\t<\/section>\n\t\t\t\t<section class=\"elementor-section elementor-top-section elementor-element elementor-element-66fa2a65 elementor-section-boxed elementor-section-height-default elementor-section-height-default\" data-id=\"66fa2a65\" data-element_type=\"section\" data-e-type=\"section\">\n\t\t\t\t\t\t<div class=\"elementor-container elementor-column-gap-default\">\n\t\t\t\t\t<div class=\"elementor-column elementor-col-66 elementor-top-column elementor-element elementor-element-3ea7e50\" data-id=\"3ea7e50\" data-element_type=\"column\" data-e-type=\"column\">\n\t\t\t<div class=\"elementor-widget-wrap elementor-element-populated\">\n\t\t\t\t\t\t<div class=\"elementor-element elementor-element-49bef50 elementor-widget elementor-widget-text-editor\" data-id=\"49bef50\" data-element_type=\"widget\" data-e-type=\"widget\" data-widget_type=\"text-editor.default\">\n\t\t\t\t<div class=\"elementor-widget-container\">\n\t\t\t\t\t\t\t\t\t<p>Tauschen Sie\u00a0<span style=\"font-weight: bolder;\">\u201eAlt gegen Neu\u201c<\/span>* und\u00a0<span style=\"color: var( --e-global-color-text );\">erhalten Sie ein Spiralkabel mit angeschlossener Erdungszange gratis dazu!\u00a0<\/span><\/p><p>Steigern Sie die Sicherheit und\u00a0<span style=\"color: var( --e-global-color-text );\">Effizienz Ihrer Arbeitsumgebung,\u00a0<\/span><span style=\"color: var( --e-global-color-text );\">indem Sie Ihr altes Erdungstestger\u00e4t\u00a0<span style=\"font-weight: bolder;\">unabh\u00e4ngig vom Hersteller<\/span>\u00a0gegen das neueste TIMM Modell eintauschen.\u00a0<\/span><\/p><p><span style=\"color: var( --e-global-color-text );\">\u00a0<\/span><\/p><p><span style=\"color: var( --e-global-color-text );\">*\u00a0<\/span>Bitte beachten Sie, dass diese Aktion nur in\u00a0<span style=\"color: var( --e-global-color-text );\">Deutschland, \u00d6sterreich und der Schweiz g\u00fcltig ist und zeitlich bis zum 31.05.2024 beschr\u00e4nkt ist.\u00a0<\/span><\/p><div>\u00a0<\/div>\t\t\t\t\t\t\t\t<\/div>\n\t\t\t\t<\/div>\n\t\t\t\t<div class=\"elementor-element elementor-element-c110bd5 elementor-widget elementor-widget-text-editor\" data-id=\"c110bd5\" data-element_type=\"widget\" data-e-type=\"widget\" data-widget_type=\"text-editor.default\">\n\t\t\t\t<div class=\"elementor-widget-container\">\n\t\t\t\t\t\t\t\t\t<h2><span style=\"color: #45ac00;\">Vorteile f\u00fcr Sie\u00a0\u00a0<\/span><\/h2>\t\t\t\t\t\t\t\t<\/div>\n\t\t\t\t<\/div>\n\t\t\t\t<div class=\"elementor-element elementor-element-00359eb elementor-widget elementor-widget-text-editor\" data-id=\"00359eb\" data-element_type=\"widget\" data-e-type=\"widget\" data-widget_type=\"text-editor.default\">\n\t\t\t\t<div class=\"elementor-widget-container\">\n\t\t\t\t\t\t\t\t\t<ol><li>\u00a0<strong>Verbesserte Sicherheit<\/strong> <strong>und Effizienz:\u00a0<\/strong>Durch den Austausch Ihres alten Erdungstestger\u00e4ts gegen das neueste TIMM Modell steigern Sie die Sicherheit und Effizienz\u00a0Ihrer Arbeitsumgebung erheblich.<\/li><li><strong>Kostenloses Zubeh\u00f6r: <\/strong>Beim Tausch erhalten Sie das Spiralkabel mit einer direkt angeschlossenen Erdungszange im Wert von <strong>\u20ac 459,- gratis<\/strong> dazu, was Ihre Investition noch attraktiver macht.<\/li><li><strong>Begleitende Onlineschulung:<\/strong> Zus\u00e4tzlich bieten wir eine kostenlose Onlineschulung zur Bedienung des EKX-4 an, damit Sie von allen Funktionen profitieren k\u00f6nnen.<\/li><\/ol>\t\t\t\t\t\t\t\t<\/div>\n\t\t\t\t<\/div>\n\t\t\t\t<div class=\"elementor-element elementor-element-701199c elementor-widget elementor-widget-text-editor\" data-id=\"701199c\" data-element_type=\"widget\" data-e-type=\"widget\" data-widget_type=\"text-editor.default\">\n\t\t\t\t<div class=\"elementor-widget-container\">\n\t\t\t\t\t\t\t\t\t<div class=\"pipedriveWebForms\" data-pd-webforms=\"https:\/\/webforms.pipedrive.com\/f\/1yqGjGAcSK0Xy2jvQxj1TyXOz2m0ZuIUbLIL6OJzhfiR65RlaOpaoYUFVb7j4sAHV\"><script src=\"https:\/\/webforms.pipedrive.com\/f\/loader\"><\/script><\/div>\t\t\t\t\t\t\t\t<\/div>\n\t\t\t\t<\/div>\n\t\t\t\t\t<\/div>\n\t\t<\/div>\n\t\t\t\t<div class=\"elementor-column elementor-col-33 elementor-top-column elementor-element elementor-element-62870bba\" data-id=\"62870bba\" data-element_type=\"column\" data-e-type=\"column\">\n\t\t\t<div class=\"elementor-widget-wrap elementor-element-populated\">\n\t\t\t\t\t\t<div class=\"elementor-element elementor-element-7bd067b8 elementor-widget elementor-widget-text-editor\" data-id=\"7bd067b8\" data-element_type=\"widget\" data-e-type=\"widget\" data-widget_type=\"text-editor.default\">\n\t\t\t\t<div class=\"elementor-widget-container\">\n\t\t\t\t\t\t\t\t\t<h4>KONTAKTIEREN SIE UNSEREN EXPERTEN<\/h4>\t\t\t\t\t\t\t\t<\/div>\n\t\t\t\t<\/div>\n\t\t\t\t<div class=\"elementor-element elementor-element-1fdc24d7 elementor-widget elementor-widget-image\" data-id=\"1fdc24d7\" data-element_type=\"widget\" data-e-type=\"widget\" data-widget_type=\"image.default\">\n\t\t\t\t<div class=\"elementor-widget-container\">\n\t\t\t\t\t\t\t\t\t\t\t\t\t\t\t<img fetchpriority=\"high\" decoding=\"async\" width=\"800\" height=\"800\" src=\"https:\/\/timm-technology.com\/wp-content\/uploads\/2023\/10\/Kai-Portrait-Web-Aufloesung-png.png\" class=\"attachment-large size-large wp-image-11905\" alt=\"\" srcset=\"https:\/\/timm-technology.com\/wp-content\/uploads\/2023\/10\/Kai-Portrait-Web-Aufloesung-png.png 1024w, https:\/\/timm-technology.com\/wp-content\/uploads\/2023\/10\/Kai-Portrait-Web-Aufloesung-png-300x300.png 300w, https:\/\/timm-technology.com\/wp-content\/uploads\/2023\/10\/Kai-Portrait-Web-Aufloesung-png-150x150.png 150w, https:\/\/timm-technology.com\/wp-content\/uploads\/2023\/10\/Kai-Portrait-Web-Aufloesung-png-768x768.png 768w, https:\/\/timm-technology.com\/wp-content\/uploads\/2023\/10\/Kai-Portrait-Web-Aufloesung-png-600x600.png 600w, https:\/\/timm-technology.com\/wp-content\/uploads\/2023\/10\/Kai-Portrait-Web-Aufloesung-png-100x100.png 100w\" sizes=\"(max-width: 800px) 100vw, 800px\" \/>\t\t\t\t\t\t\t\t\t\t\t\t\t\t\t<\/div>\n\t\t\t\t<\/div>\n\t\t\t\t<div class=\"elementor-element elementor-element-5f01bdd elementor-widget elementor-widget-text-editor\" data-id=\"5f01bdd\" data-element_type=\"widget\" data-e-type=\"widget\" data-widget_type=\"text-editor.default\">\n\t\t\t\t<div class=\"elementor-widget-container\">\n\t\t\t\t\t\t\t\t\t<h5>Kai Ahlemeyer<\/h5><p><span style=\"font-weight: bolder;\">Vertriebsingenieur<\/span><\/p>\t\t\t\t\t\t\t\t<\/div>\n\t\t\t\t<\/div>\n\t\t\t\t<div class=\"elementor-element elementor-element-81adc40 elementor-align-justify elementor-widget elementor-widget-button\" data-id=\"81adc40\" data-element_type=\"widget\" data-e-type=\"widget\" data-widget_type=\"button.default\">\n\t\t\t\t<div class=\"elementor-widget-container\">\n\t\t\t\t\t\t\t\t\t<div class=\"elementor-button-wrapper\">\n\t\t\t\t\t<a class=\"elementor-button elementor-button-link elementor-size-sm\" href=\"#\">\n\t\t\t\t\t\t<span class=\"elementor-button-content-wrapper\">\n\t\t\t\t\t\t\t\t\t<span class=\"elementor-button-text\">+49 40 248 35 63 34<\/span>\n\t\t\t\t\t<\/span>\n\t\t\t\t\t<\/a>\n\t\t\t\t<\/div>\n\t\t\t\t\t\t\t\t<\/div>\n\t\t\t\t<\/div>\n\t\t\t\t<div class=\"elementor-element elementor-element-4f7717f9 elementor-align-justify elementor-widget elementor-widget-button\" data-id=\"4f7717f9\" data-element_type=\"widget\" data-e-type=\"widget\" data-widget_type=\"button.default\">\n\t\t\t\t<div class=\"elementor-widget-container\">\n\t\t\t\t\t\t\t\t\t<div class=\"elementor-button-wrapper\">\n\t\t\t\t\t<a class=\"elementor-button elementor-button-link elementor-size-sm\" href=\"mailto:ahlemeyer@timm-technology.de\">\n\t\t\t\t\t\t<span class=\"elementor-button-content-wrapper\">\n\t\t\t\t\t\t\t\t\t<span class=\"elementor-button-text\">E-Mail<\/span>\n\t\t\t\t\t<\/span>\n\t\t\t\t\t<\/a>\n\t\t\t\t<\/div>\n\t\t\t\t\t\t\t\t<\/div>\n\t\t\t\t<\/div>\n\t\t\t\t\t<\/div>\n\t\t<\/div>\n\t\t\t\t\t<\/div>\n\t\t<\/section>\n\t\t\t\t<section class=\"elementor-section elementor-top-section elementor-element elementor-element-3348b004 elementor-section-full_width elementor-section-height-min-height elementor-section-height-default elementor-section-items-middle\" data-id=\"3348b004\" data-element_type=\"section\" data-e-type=\"section\" data-settings=\"{&quot;background_background&quot;:&quot;classic&quot;}\">\n\t\t\t\t\t\t<div class=\"elementor-container elementor-column-gap-default\">\n\t\t\t\t\t<div class=\"elementor-column elementor-col-100 elementor-top-column elementor-element elementor-element-36129607\" data-id=\"36129607\" data-element_type=\"column\" data-e-type=\"column\">\n\t\t\t<div class=\"elementor-widget-wrap elementor-element-populated\">\n\t\t\t\t\t\t<section class=\"elementor-section elementor-inner-section elementor-element elementor-element-ba29513 elementor-section-boxed elementor-section-height-default elementor-section-height-default\" data-id=\"ba29513\" data-element_type=\"section\" data-e-type=\"section\">\n\t\t\t\t\t\t<div class=\"elementor-container elementor-column-gap-default\">\n\t\t\t\t\t<div class=\"elementor-column elementor-col-50 elementor-inner-column elementor-element elementor-element-3af64b54\" data-id=\"3af64b54\" data-element_type=\"column\" data-e-type=\"column\">\n\t\t\t<div class=\"elementor-widget-wrap elementor-element-populated\">\n\t\t\t\t\t\t<div class=\"elementor-element elementor-element-162c3082 timm-corner elementor-widget elementor-widget-text-editor\" data-id=\"162c3082\" data-element_type=\"widget\" data-e-type=\"widget\" data-widget_type=\"text-editor.default\">\n\t\t\t\t<div class=\"elementor-widget-container\">\n\t\t\t\t\t\t\t\t\t<p>Wir k\u00fcmmern uns um<\/p><p><strong>Ihre Sicherheit!<\/strong><\/p>\t\t\t\t\t\t\t\t<\/div>\n\t\t\t\t<\/div>\n\t\t\t\t\t<\/div>\n\t\t<\/div>\n\t\t\t\t<div class=\"elementor-column elementor-col-50 elementor-inner-column elementor-element elementor-element-2821936b\" data-id=\"2821936b\" data-element_type=\"column\" data-e-type=\"column\">\n\t\t\t<div class=\"elementor-widget-wrap\">\n\t\t\t\t\t\t\t<\/div>\n\t\t<\/div>\n\t\t\t\t\t<\/div>\n\t\t<\/section>\n\t\t\t\t\t<\/div>\n\t\t<\/div>\n\t\t\t\t\t<\/div>\n\t\t<\/section>\n\t\t\t\t<\/div>\n\t\t","protected":false},"excerpt":{"rendered":"<p>Fr\u00fchlingsaktion\u00a0 alt gegen neu\u00a0 ALT gegen NEU &#8211; Ihr Erdungstestger\u00e4t-Upgrade MODERNISIEREN SIE IHRE SICHERHEIT\u00a0 Tauschen Sie\u00a0\u201eAlt gegen Neu\u201c* und\u00a0erhalten Sie ein Spiralkabel mit angeschlossener Erdungszange gratis dazu!\u00a0 Steigern Sie die Sicherheit und\u00a0Effizienz Ihrer Arbeitsumgebung,\u00a0indem Sie Ihr altes Erdungstestger\u00e4t\u00a0unabh\u00e4ngig vom Hersteller\u00a0gegen das neueste TIMM Modell eintauschen.\u00a0 \u00a0 *\u00a0Bitte beachten Sie, dass diese Aktion nur in\u00a0Deutschland, \u00d6sterreich [&hellip;]<\/p>\n","protected":false},"author":10,"featured_media":0,"parent":0,"menu_order":0,"comment_status":"closed","ping_status":"closed","template":"","meta":{"footnotes":""},"class_list":["post-13103","page","type-page","status-publish","hentry"],"jetpack_sharing_enabled":true,"_links":{"self":[{"href":"https:\/\/timm-technology.com\/de\/wp-json\/wp\/v2\/pages\/13103","targetHints":{"allow":["GET"]}}],"collection":[{"href":"https:\/\/timm-technology.com\/de\/wp-json\/wp\/v2\/pages"}],"about":[{"href":"https:\/\/timm-technology.com\/de\/wp-json\/wp\/v2\/types\/page"}],"author":[{"embeddable":true,"href":"https:\/\/timm-technology.com\/de\/wp-json\/wp\/v2\/users\/10"}],"replies":[{"embeddable":true,"href":"https:\/\/timm-technology.com\/de\/wp-json\/wp\/v2\/comments?post=13103"}],"version-history":[{"count":13,"href":"https:\/\/timm-technology.com\/de\/wp-json\/wp\/v2\/pages\/13103\/revisions"}],"predecessor-version":[{"id":13119,"href":"https:\/\/timm-technology.com\/de\/wp-json\/wp\/v2\/pages\/13103\/revisions\/13119"}],"wp:attachment":[{"href":"https:\/\/timm-technology.com\/de\/wp-json\/wp\/v2\/media?parent=13103"}],"curies":[{"name":"wp","href":"https:\/\/api.w.org\/{rel}","templated":true}]}}