{"id":8526,"date":"2023-05-24T11:42:46","date_gmt":"2023-05-24T09:42:46","guid":{"rendered":"https:\/\/timm-technology.com\/?page_id=8526"},"modified":"2025-03-13T10:17:52","modified_gmt":"2025-03-13T09:17:52","slug":"karriere","status":"publish","type":"page","link":"https:\/\/timm-technology.com\/de\/ueber-uns\/karriere\/","title":{"rendered":"Karriere"},"content":{"rendered":"\t\t<div data-elementor-type=\"wp-page\" data-elementor-id=\"8526\" class=\"elementor elementor-8526 elementor-6205\" data-elementor-post-type=\"page\">\n\t\t\t\t\t\t<section class=\"elementor-section elementor-top-section elementor-element elementor-element-164ecc4 elementor-section-full_width elementor-section-height-min-height elementor-section-items-bottom elementor-section-stretched elementor-section-height-default\" data-id=\"164ecc4\" data-element_type=\"section\" data-e-type=\"section\" data-settings=\"{&quot;background_background&quot;:&quot;classic&quot;,&quot;stretch_section&quot;:&quot;section-stretched&quot;}\">\n\t\t\t\t\t\t<div class=\"elementor-container elementor-column-gap-default\">\n\t\t\t\t\t<div class=\"elementor-column elementor-col-100 elementor-top-column elementor-element elementor-element-3856ad51\" data-id=\"3856ad51\" data-element_type=\"column\" data-e-type=\"column\">\n\t\t\t<div class=\"elementor-widget-wrap elementor-element-populated\">\n\t\t\t\t\t\t<section class=\"elementor-section elementor-inner-section elementor-element elementor-element-28419872 elementor-section-boxed elementor-section-height-default elementor-section-height-default\" data-id=\"28419872\" data-element_type=\"section\" data-e-type=\"section\">\n\t\t\t\t\t\t<div class=\"elementor-container elementor-column-gap-default\">\n\t\t\t\t\t<div class=\"elementor-column elementor-col-50 elementor-inner-column elementor-element elementor-element-70ad51f5\" data-id=\"70ad51f5\" data-element_type=\"column\" data-e-type=\"column\">\n\t\t\t<div class=\"elementor-widget-wrap elementor-element-populated\">\n\t\t\t\t\t\t<div class=\"elementor-element elementor-element-77b2ff54 timm-corner elementor-widget elementor-widget-text-editor\" data-id=\"77b2ff54\" data-element_type=\"widget\" data-e-type=\"widget\" data-widget_type=\"text-editor.default\">\n\t\t\t\t<div class=\"elementor-widget-container\">\n\t\t\t\t\t\t\t\t\t<p>Werden Sie Teil des<\/p><p><strong>Timm-Teams!<\/strong><\/p>\t\t\t\t\t\t\t\t<\/div>\n\t\t\t\t<\/div>\n\t\t\t\t\t<\/div>\n\t\t<\/div>\n\t\t\t\t<div class=\"elementor-column elementor-col-50 elementor-inner-column elementor-element elementor-element-7be7e849\" data-id=\"7be7e849\" data-element_type=\"column\" data-e-type=\"column\">\n\t\t\t<div class=\"elementor-widget-wrap\">\n\t\t\t\t\t\t\t<\/div>\n\t\t<\/div>\n\t\t\t\t\t<\/div>\n\t\t<\/section>\n\t\t\t\t\t<\/div>\n\t\t<\/div>\n\t\t\t\t\t<\/div>\n\t\t<\/section>\n\t\t\t\t<section class=\"elementor-section elementor-top-section elementor-element elementor-element-098679f elementor-section-boxed elementor-section-height-default elementor-section-height-default\" data-id=\"098679f\" data-element_type=\"section\" data-e-type=\"section\">\n\t\t\t\t\t\t<div class=\"elementor-container elementor-column-gap-default\">\n\t\t\t\t\t<div class=\"elementor-column elementor-col-100 elementor-top-column elementor-element elementor-element-5ea3a4f\" data-id=\"5ea3a4f\" data-element_type=\"column\" data-e-type=\"column\">\n\t\t\t<div class=\"elementor-widget-wrap elementor-element-populated\">\n\t\t\t\t\t\t<div class=\"elementor-element elementor-element-ce94dae elementor-widget elementor-widget-text-editor\" data-id=\"ce94dae\" data-element_type=\"widget\" data-e-type=\"widget\" data-widget_type=\"text-editor.default\">\n\t\t\t\t<div class=\"elementor-widget-container\">\n\t\t\t\t\t\t\t\t\t<h1 style=\"text-align: center;\">Wir m\u00f6chten wachsen<\/h1><h2 style=\"text-align: center;\">durch Ihre Mitarbeit!<\/h2>\t\t\t\t\t\t\t\t<\/div>\n\t\t\t\t<\/div>\n\t\t\t\t\t<\/div>\n\t\t<\/div>\n\t\t\t\t\t<\/div>\n\t\t<\/section>\n\t\t\t\t<section class=\"elementor-section elementor-top-section elementor-element elementor-element-71072b12 elementor-section-boxed elementor-section-height-default elementor-section-height-default\" data-id=\"71072b12\" data-element_type=\"section\" data-e-type=\"section\">\n\t\t\t\t\t\t<div class=\"elementor-container elementor-column-gap-default\">\n\t\t\t\t\t<div class=\"elementor-column elementor-col-66 elementor-top-column elementor-element elementor-element-59699a55\" data-id=\"59699a55\" data-element_type=\"column\" data-e-type=\"column\">\n\t\t\t<div class=\"elementor-widget-wrap elementor-element-populated\">\n\t\t\t\t\t\t<div class=\"elementor-element elementor-element-217cea8d elementor-widget elementor-widget-text-editor\" data-id=\"217cea8d\" data-element_type=\"widget\" data-e-type=\"widget\" data-widget_type=\"text-editor.default\">\n\t\t\t\t<div class=\"elementor-widget-container\">\n\t\t\t\t\t\t\t\t\t<h5>\u201eQualifizierte Mitarbeiter sind wichtig f\u00fcr unseren Unternehmenserfolg. Denn der Erfolg einer Sache h\u00e4ngt im Wesentlichen von den handelnden Personen ab.\u201c<br \/><em>(Dr. Thomas Overbeck, Gesch\u00e4ftsf\u00fchrender Inhaber)<\/em><\/h5><p>F\u00fcr unsere Zukunftsstrategie suchen wir qualifiziertes Personal, das Lust darauf hat, neue Produkte, neue Kunden und neue M\u00e4rkte zu entwickeln.<\/p><h5>Wenn Ihnen unsere Unternehmenswerte<\/h5><ul><li>Zuverl\u00e4ssigkeit,<\/li><li>Kontinuit\u00e4t,<\/li><li>Vertrauen und<\/li><li>Qualit\u00e4t<\/li><\/ul><p>\u00a0<\/p><p>wichtig sind und Sie Spa\u00df daran haben, engagiert an unseren Unternehmenszielen mitzuarbeiten, besitzen Sie die richtigen Voraussetzungen.<\/p><p>Wenn Sie eine langfristige Perspektive suchen, eine positive Arbeits- und Lebenseinstellung haben, k\u00f6nnen Sie von uns gute Gestaltungsm\u00f6glichkeiten bei der zuk\u00fcnftigen Entwicklung unseres Unternehmens erwarten.<\/p><p>Wir freuen uns auf Ihre Bewerbung!<\/p><p>\u00a0<\/p>\t\t\t\t\t\t\t\t<\/div>\n\t\t\t\t<\/div>\n\t\t\t\t\t<\/div>\n\t\t<\/div>\n\t\t\t\t<div class=\"elementor-column elementor-col-33 elementor-top-column elementor-element elementor-element-22f1cf11\" data-id=\"22f1cf11\" data-element_type=\"column\" data-e-type=\"column\">\n\t\t\t<div class=\"elementor-widget-wrap elementor-element-populated\">\n\t\t\t\t\t\t<div class=\"elementor-element elementor-element-a2f98c7 elementor-widget elementor-widget-image\" data-id=\"a2f98c7\" data-element_type=\"widget\" data-e-type=\"widget\" data-widget_type=\"image.default\">\n\t\t\t\t<div class=\"elementor-widget-container\">\n\t\t\t\t\t\t\t\t\t\t\t\t\t\t\t<img fetchpriority=\"high\" decoding=\"async\" width=\"330\" height=\"369\" src=\"https:\/\/timm-technology.com\/wp-content\/uploads\/2024\/04\/personal.kathrin-langmann-timm-e1712737158910.png\" class=\"attachment-full size-full wp-image-13164\" alt=\"\" srcset=\"https:\/\/timm-technology.com\/wp-content\/uploads\/2024\/04\/personal.kathrin-langmann-timm-e1712737158910.png 330w, https:\/\/timm-technology.com\/wp-content\/uploads\/2024\/04\/personal.kathrin-langmann-timm-e1712737158910-268x300.png 268w\" sizes=\"(max-width: 330px) 100vw, 330px\" \/>\t\t\t\t\t\t\t\t\t\t\t\t\t\t\t<\/div>\n\t\t\t\t<\/div>\n\t\t\t\t<div class=\"elementor-element elementor-element-221a3343 elementor-widget elementor-widget-text-editor\" data-id=\"221a3343\" data-element_type=\"widget\" data-e-type=\"widget\" data-widget_type=\"text-editor.default\">\n\t\t\t\t<div class=\"elementor-widget-container\">\n\t\t\t\t\t\t\t\t\t<h4>Kathrin Sperling<\/h4><p><strong>Personal<\/strong><\/p>\t\t\t\t\t\t\t\t<\/div>\n\t\t\t\t<\/div>\n\t\t\t\t<div class=\"elementor-element elementor-element-5b8d80fe elementor-align-justify elementor-widget elementor-widget-button\" data-id=\"5b8d80fe\" data-element_type=\"widget\" data-e-type=\"widget\" data-widget_type=\"button.default\">\n\t\t\t\t<div class=\"elementor-widget-container\">\n\t\t\t\t\t\t\t\t\t<div class=\"elementor-button-wrapper\">\n\t\t\t\t\t<a class=\"elementor-button elementor-button-link elementor-size-md\" href=\"tel:004940248356321\">\n\t\t\t\t\t\t<span class=\"elementor-button-content-wrapper\">\n\t\t\t\t\t\t\t\t\t<span class=\"elementor-button-text\">+49 (0) 40 248 35 63 \u2013 21<\/span>\n\t\t\t\t\t<\/span>\n\t\t\t\t\t<\/a>\n\t\t\t\t<\/div>\n\t\t\t\t\t\t\t\t<\/div>\n\t\t\t\t<\/div>\n\t\t\t\t<div class=\"elementor-element elementor-element-4532651 elementor-align-justify elementor-widget elementor-widget-button\" data-id=\"4532651\" data-element_type=\"widget\" data-e-type=\"widget\" data-widget_type=\"button.default\">\n\t\t\t\t<div class=\"elementor-widget-container\">\n\t\t\t\t\t\t\t\t\t<div class=\"elementor-button-wrapper\">\n\t\t\t\t\t<a class=\"elementor-button elementor-button-link elementor-size-md\" href=\"mailto:bewerbung@timm-technology.de\">\n\t\t\t\t\t\t<span class=\"elementor-button-content-wrapper\">\n\t\t\t\t\t\t\t\t\t<span class=\"elementor-button-text\">Email<\/span>\n\t\t\t\t\t<\/span>\n\t\t\t\t\t<\/a>\n\t\t\t\t<\/div>\n\t\t\t\t\t\t\t\t<\/div>\n\t\t\t\t<\/div>\n\t\t\t\t\t<\/div>\n\t\t<\/div>\n\t\t\t\t\t<\/div>\n\t\t<\/section>\n\t\t\t\t<section class=\"elementor-section elementor-top-section elementor-element elementor-element-99a689a elementor-section-boxed elementor-section-height-default elementor-section-height-default\" data-id=\"99a689a\" data-element_type=\"section\" data-e-type=\"section\" data-settings=\"{&quot;background_background&quot;:&quot;classic&quot;}\">\n\t\t\t\t\t\t<div class=\"elementor-container elementor-column-gap-default\">\n\t\t\t\t\t<div class=\"elementor-column elementor-col-100 elementor-top-column elementor-element elementor-element-de2b082\" data-id=\"de2b082\" data-element_type=\"column\" data-e-type=\"column\">\n\t\t\t<div class=\"elementor-widget-wrap elementor-element-populated\">\n\t\t\t\t\t\t<div class=\"elementor-element elementor-element-f2ed386 elementor-widget elementor-widget-text-editor\" data-id=\"f2ed386\" data-element_type=\"widget\" data-e-type=\"widget\" data-widget_type=\"text-editor.default\">\n\t\t\t\t<div class=\"elementor-widget-container\">\n\t\t\t\t\t\t\t\t\t<h3 style=\"text-align: center;\">Unsere Stellenangebote<\/h3>\t\t\t\t\t\t\t\t<\/div>\n\t\t\t\t<\/div>\n\t\t\t\t<div class=\"elementor-element elementor-element-d4e9ccb elementor-widget elementor-widget-text-editor\" data-id=\"d4e9ccb\" data-element_type=\"widget\" data-e-type=\"widget\" data-widget_type=\"text-editor.default\">\n\t\t\t\t<div class=\"elementor-widget-container\">\n\t\t\t\t\t\t\t\t\t<section class=\"job-listing row clearfix\" aria-label=\"Job listings\"><div class=\"column medium-12 col-md-12\" role=\"list\"><article class=\"job-preview clearfix\" role=\"article\" aria-labelledby=\"job-title-14298\"><div class=\"job-content\"><h5><a href=\"https:\/\/timm-technology.com\/de\/job\/ausbildung-zum-elektroniker-w-m-d-fur-geraete-systeme-2\/\" id=\"job-title-14298\" target=\"_self\"><span>Ausbildung zum Elektroniker (w\/m\/d) fu\u0308r Ger\u00e4te und Systeme<\/span><\/a><\/h5><div class=\"job-additional-information\" aria-label=\"Additional job information\"><span>Reinbek<\/span><\/div><\/div><div class=\"job-cta\"><a href=\"https:\/\/timm-technology.com\/de\/job\/ausbildung-zum-elektroniker-w-m-d-fur-geraete-systeme-2\/\" target=\"_self\" class=\"apply-btn local\" aria-label=\"View job: Ausbildung zum Elektroniker (w\/m\/d) fu\u0308r Ger\u00e4te und Systeme\">Ansehen<\/a><\/div><\/article><\/div><\/section>\t\t\t\t\t\t\t\t<\/div>\n\t\t\t\t<\/div>\n\t\t\t\t\t<\/div>\n\t\t<\/div>\n\t\t\t\t\t<\/div>\n\t\t<\/section>\n\t\t\t\t<\/div>\n\t\t","protected":false},"excerpt":{"rendered":"<p>Werden Sie Teil des Timm-Teams! Wir m\u00f6chten wachsen durch Ihre Mitarbeit! \u201eQualifizierte Mitarbeiter sind wichtig f\u00fcr unseren Unternehmenserfolg. Denn der Erfolg einer Sache h\u00e4ngt im Wesentlichen von den handelnden Personen ab.\u201c (Dr. Thomas Overbeck, Gesch\u00e4ftsf\u00fchrender Inhaber) F\u00fcr unsere Zukunftsstrategie suchen wir qualifiziertes Personal, das Lust darauf hat, neue Produkte, neue Kunden und neue M\u00e4rkte zu [&hellip;]<\/p>\n","protected":false},"author":3,"featured_media":0,"parent":7758,"menu_order":0,"comment_status":"closed","ping_status":"closed","template":"","meta":{"footnotes":""},"class_list":["post-8526","page","type-page","status-publish","hentry"],"jetpack_sharing_enabled":true,"_links":{"self":[{"href":"https:\/\/timm-technology.com\/de\/wp-json\/wp\/v2\/pages\/8526","targetHints":{"allow":["GET"]}}],"collection":[{"href":"https:\/\/timm-technology.com\/de\/wp-json\/wp\/v2\/pages"}],"about":[{"href":"https:\/\/timm-technology.com\/de\/wp-json\/wp\/v2\/types\/page"}],"author":[{"embeddable":true,"href":"https:\/\/timm-technology.com\/de\/wp-json\/wp\/v2\/users\/3"}],"replies":[{"embeddable":true,"href":"https:\/\/timm-technology.com\/de\/wp-json\/wp\/v2\/comments?post=8526"}],"version-history":[{"count":38,"href":"https:\/\/timm-technology.com\/de\/wp-json\/wp\/v2\/pages\/8526\/revisions"}],"predecessor-version":[{"id":16133,"href":"https:\/\/timm-technology.com\/de\/wp-json\/wp\/v2\/pages\/8526\/revisions\/16133"}],"up":[{"embeddable":true,"href":"https:\/\/timm-technology.com\/de\/wp-json\/wp\/v2\/pages\/7758"}],"wp:attachment":[{"href":"https:\/\/timm-technology.com\/de\/wp-json\/wp\/v2\/media?parent=8526"}],"curies":[{"name":"wp","href":"https:\/\/api.w.org\/{rel}","templated":true}]}}