{"id":9200,"date":"2023-01-12T10:07:22","date_gmt":"2023-01-12T09:07:22","guid":{"rendered":"https:\/\/timm-technology.com\/?page_id=9200"},"modified":"2024-02-06T15:12:09","modified_gmt":"2024-02-06T14:12:09","slug":"versand","status":"publish","type":"page","link":"https:\/\/timm-technology.com\/de\/versand\/","title":{"rendered":"Versand"},"content":{"rendered":"\t\t<div data-elementor-type=\"wp-page\" data-elementor-id=\"9200\" class=\"elementor elementor-9200 elementor-22\" data-elementor-post-type=\"page\">\n\t\t\t\t\t\t<section class=\"elementor-section elementor-top-section elementor-element elementor-element-dfb3db2 elementor-section-boxed elementor-section-height-default elementor-section-height-default\" data-id=\"dfb3db2\" data-element_type=\"section\" data-e-type=\"section\">\n\t\t\t\t\t\t<div class=\"elementor-container elementor-column-gap-default\">\n\t\t\t\t\t<div class=\"elementor-column elementor-col-100 elementor-top-column elementor-element elementor-element-879af06\" data-id=\"879af06\" data-element_type=\"column\" data-e-type=\"column\">\n\t\t\t<div class=\"elementor-widget-wrap elementor-element-populated\">\n\t\t\t\t\t\t<div class=\"elementor-element elementor-element-bee89d7 elementor-widget elementor-widget-text-editor\" data-id=\"bee89d7\" data-element_type=\"widget\" data-e-type=\"widget\" data-widget_type=\"text-editor.default\">\n\t\t\t\t<div class=\"elementor-widget-container\">\n\t\t\t\t\t\t\t\t\t<p>Es gelten folgende Bedingungen:<\/p>\n<h1>Versandkosten<\/h1>\n<h2>TIMM Bite Produkte:<\/h2>\n<ul>\n<li>\n<div>Deutschland: pauschal 10,90 \u20ac<\/div>\n<\/li>\n<li>\n<div>EU: pauschal 35,90 \u20ac<\/div>\n<\/li>\n<li>\n<div>Europa, nicht EU: pauschal 65,90 \u20ac<\/div>\n<\/li>\n<\/ul>\n<h2>&nbsp;<\/h2>\n<h2>Alle anderen Produkte:<\/h2>\n<p>Gewichtsabh\u00e4ngig:<\/p>\n<ul>\n<li>\n<div>Deutschland: 5 kg = 21 \u20ac, bis 10 kg = 25 \u20ac, bis 20 kg = 31 \u20ac, bis 31,5 kg = 38 \u20ac<\/div>\n<\/li>\n<li>\n<div>EU: 5 kg = 52 \u20ac, bis 10 kg = 57 \u20ac, bis 20 kg = 70 \u20ac, bis 31,5 kg = 89 \u20ac<\/div>\n<\/li>\n<li>\n<div>Europa, nicht EU: bis 20 kg = 129 \u20ac. Zuz\u00fcglich Auslagen f\u00fcr Ausfuhranmeldung, Ursprungs- und Warenverkehrsbescheinigung.<\/div>\n<\/li>\n<\/ul>\n<p>Sperrige G\u00fcter (Speditionsversand) auf Anfrage.<\/p>\n<p>Die genannten Kosten beinhalten Verpackungsmaterial, fachgerechtes Verpacken, Qualit\u00e4tspr\u00fcfung und Porto.<\/p>\n<p><\/p>\n<h2>Versandbedingungen<\/h2>\n<p>Die Lieferung erfolgt im Inland (Deutschland) und in die nachstehenden L\u00e4nder: Albanien, Andorra, Belgien, Bosnien-Herzegowina, Bulgarien, D\u00e4nemark, Estland, F\u00e4r\u00f6er, Finnland, Frankreich, Griechenland, Gr\u00f6nland, Irland, Island, Italien, Kroatien, Lettland, Liechtenstein, Litauen, Luxemburg, Malta, Mazedonien, Moldau, Monaco, Montenegro, Niederlande, Norwegen, \u00d6sterreich, Polen, Portugal, Rum\u00e4nien, San Marino, Schweden, Schweiz, Serbien, Slowakei, Slowenien, Spanien, Tschechische Republik, UK, Ukraine, Ungarn, Wei\u00dfrussland, Zypern.<\/p>\n<p><strong>Der Versand auf deutsche Inseln ist ausgeschlossen.<\/strong><\/p>\t\t\t\t\t\t\t\t<\/div>\n\t\t\t\t<\/div>\n\t\t\t\t\t<\/div>\n\t\t<\/div>\n\t\t\t\t\t<\/div>\n\t\t<\/section>\n\t\t\t\t<\/div>\n\t\t","protected":false},"excerpt":{"rendered":"<p>Es gelten folgende Bedingungen: Versandkosten TIMM Bite Produkte: Deutschland: pauschal 10,90 \u20ac EU: pauschal 35,90 \u20ac Europa, nicht EU: pauschal 65,90 \u20ac &nbsp; Alle anderen Produkte: Gewichtsabh\u00e4ngig: Deutschland: 5 kg = 21 \u20ac, bis 10 kg = 25 \u20ac, bis 20 kg = 31 \u20ac, bis 31,5 kg = 38 \u20ac EU: 5 kg = [&hellip;]<\/p>\n","protected":false},"author":2,"featured_media":0,"parent":0,"menu_order":0,"comment_status":"closed","ping_status":"closed","template":"","meta":{"footnotes":""},"class_list":["post-9200","page","type-page","status-publish","hentry"],"jetpack_sharing_enabled":true,"_links":{"self":[{"href":"https:\/\/timm-technology.com\/de\/wp-json\/wp\/v2\/pages\/9200","targetHints":{"allow":["GET"]}}],"collection":[{"href":"https:\/\/timm-technology.com\/de\/wp-json\/wp\/v2\/pages"}],"about":[{"href":"https:\/\/timm-technology.com\/de\/wp-json\/wp\/v2\/types\/page"}],"author":[{"embeddable":true,"href":"https:\/\/timm-technology.com\/de\/wp-json\/wp\/v2\/users\/2"}],"replies":[{"embeddable":true,"href":"https:\/\/timm-technology.com\/de\/wp-json\/wp\/v2\/comments?post=9200"}],"version-history":[{"count":6,"href":"https:\/\/timm-technology.com\/de\/wp-json\/wp\/v2\/pages\/9200\/revisions"}],"predecessor-version":[{"id":12866,"href":"https:\/\/timm-technology.com\/de\/wp-json\/wp\/v2\/pages\/9200\/revisions\/12866"}],"wp:attachment":[{"href":"https:\/\/timm-technology.com\/de\/wp-json\/wp\/v2\/media?parent=9200"}],"curies":[{"name":"wp","href":"https:\/\/api.w.org\/{rel}","templated":true}]}}