{"id":16093,"date":"2025-09-17T15:05:38","date_gmt":"2025-09-17T13:05:38","guid":{"rendered":"https:\/\/timm-technology.com\/?post_type=product&#038;p=16093"},"modified":"2025-10-06T09:25:26","modified_gmt":"2025-10-06T07:25:26","slug":"timm-bite-reel","status":"publish","type":"product","link":"https:\/\/timm-technology.com\/de\/produkt\/timm-bite-reel\/","title":{"rendered":"TIMM BITE Reel"},"content":{"rendered":"\t\t<div data-elementor-type=\"product-post\" data-elementor-id=\"16093\" class=\"elementor elementor-16093\" data-elementor-post-type=\"product\">\n\t\t\t\t\t\t<section class=\"elementor-section elementor-top-section elementor-element elementor-element-1a42ae1b elementor-section-boxed elementor-section-height-default elementor-section-height-default\" data-id=\"1a42ae1b\" data-element_type=\"section\" data-e-type=\"section\">\n\t\t\t\t\t\t<div class=\"elementor-container elementor-column-gap-default\">\n\t\t\t\t\t<div class=\"elementor-column elementor-col-100 elementor-top-column elementor-element elementor-element-49fd4836\" data-id=\"49fd4836\" data-element_type=\"column\" data-e-type=\"column\">\n\t\t\t<div class=\"elementor-widget-wrap elementor-element-populated\">\n\t\t\t\t\t\t<div class=\"elementor-element elementor-element-48c9632f elementor-widget elementor-widget-text-editor\" data-id=\"48c9632f\" data-element_type=\"widget\" data-e-type=\"widget\" data-widget_type=\"text-editor.default\">\n\t\t\t\t<div class=\"elementor-widget-container\">\n\t\t\t\t\t\t\t\t\t<p><strong>Explosionsgesch\u00fctzter Kabelaufroller mit 7 m Erdungskabel<\/strong><\/p><p>Zur sicheren <strong>Ableitung elektrostatischer Aufladungen<\/strong>, die beim Bef\u00fcllen oder Entleeren von metallischen Beh\u00e4ltern wie <strong>F\u00e4ssern, IBCs oder Eimern<\/strong> entstehen k\u00f6nnen. Der Kabelaufroller eignet sich ideal f\u00fcr Bereiche, in denen freiliegende Kabel unerw\u00fcnscht sind. Er wird mit unseren <strong>TIMM BITE Erdungszangen<\/strong> f\u00fcr die un\u00fcberwachte Erdung eingesetzt.<\/p><p>Das Erdungskabel hat eine ausziehbare L\u00e4nge von <strong>7 m<\/strong> und besteht aus einer <strong>flexiblen Kupferlitze (4 mm\u00b2) <\/strong>mit <strong>gr\u00fcn-gelbem Au\u00dfenmantel<\/strong> zur klaren Kennzeichnung der Erdungsfunktion. Die <strong>integrierte Rastung<\/strong> erm\u00f6glicht ein zugentlastetes Arbeiten. Zum automatischen Aufwickeln gen\u00fcgt ein kurzes Ziehen am Kabel \u2013 der <strong>federgetriebene Mechanismus<\/strong> spult es anschlie\u00dfend wieder auf.<\/p><p>Das robuste <strong>Edelstahlgeh\u00e4use<\/strong> sch\u00fctzt das Kabel zuverl\u00e4ssig vor Umwelteinfl\u00fcssen und mechanischen Besch\u00e4digungen. Ein <strong>Gummisto\u00dff\u00e4nger<\/strong> sowie die Begrenzung der Anschlussl\u00e4nge der Erdungszange verhindern, dass diese an das Geh\u00e4use schlagen kann. Zudem ist die <strong>maximale Auszugsl\u00e4nge am Kabel markiert<\/strong>, um den Wickelmechanismus vor zu weitem Ausziehen zu sch\u00fctzen. Die verschlei\u00dffeste <strong>Edelstahl-Kabeleinf\u00fchrung <\/strong>sorgt f\u00fcr eine sichere und schonende Kabelf\u00fchrung zur\u00fcck in den Aufroller.<\/p><p>Der Kabelaufroller ist <strong>ATEX-bewertet<\/strong> f\u00fcr den Einsatz in gas- und staubexplosionsgef\u00e4hrdeten Bereichen der <strong>Zonen 1, 21 sowie 2, 22<\/strong>. Er dient der Herstellung einer <strong>zeitweiligen Potentialausgleichsverbindung<\/strong> <strong>(Erdungsverbindung)<\/strong> gem\u00e4\u00df <strong>TRGS 727, IEC TS 60079-32-1<\/strong> und <strong>DIN EN \/ IEC 60079-14<\/strong>.<\/p>\t\t\t\t\t\t\t\t<\/div>\n\t\t\t\t<\/div>\n\t\t\t\t\t<\/div>\n\t\t<\/div>\n\t\t\t\t\t<\/div>\n\t\t<\/section>\n\t\t\t\t<\/div>\n\t\t","protected":false},"excerpt":{"rendered":"<p>Explosionsgesch\u00fctzter Kabelaufroller mit 7 m Erdungskabel Zur sicheren Ableitung elektrostatischer Aufladungen, die beim Bef\u00fcllen oder Entleeren von metallischen Beh\u00e4ltern wie F\u00e4ssern, IBCs oder Eimern entstehen k\u00f6nnen. Der Kabelaufroller eignet sich ideal f\u00fcr Bereiche, in denen freiliegende Kabel unerw\u00fcnscht sind. Er wird mit unseren TIMM BITE Erdungszangen f\u00fcr die un\u00fcberwachte Erdung eingesetzt. Das Erdungskabel hat eine [&hellip;]<\/p>\n","protected":false},"featured_media":16243,"template":"","meta":[],"product_brand":[],"product_cat":[172,70,254],"product_tag":[],"class_list":{"0":"post-16093","1":"product","2":"type-product","3":"status-publish","4":"has-post-thumbnail","6":"product_cat-einfache-erdungsloesungen","7":"product_cat-erdung","8":"product_cat-einfache-erdungsloesungen-kabelaufroller","10":"first","11":"instock","12":"taxable","13":"shipping-taxable","14":"purchasable","15":"product-type-variable"},"jetpack_sharing_enabled":true,"_links":{"self":[{"href":"https:\/\/timm-technology.com\/de\/wp-json\/wp\/v2\/product\/16093","targetHints":{"allow":["GET"]}}],"collection":[{"href":"https:\/\/timm-technology.com\/de\/wp-json\/wp\/v2\/product"}],"about":[{"href":"https:\/\/timm-technology.com\/de\/wp-json\/wp\/v2\/types\/product"}],"version-history":[{"count":12,"href":"https:\/\/timm-technology.com\/de\/wp-json\/wp\/v2\/product\/16093\/revisions"}],"predecessor-version":[{"id":16231,"href":"https:\/\/timm-technology.com\/de\/wp-json\/wp\/v2\/product\/16093\/revisions\/16231"}],"wp:featuredmedia":[{"embeddable":true,"href":"https:\/\/timm-technology.com\/de\/wp-json\/wp\/v2\/media\/16243"}],"wp:attachment":[{"href":"https:\/\/timm-technology.com\/de\/wp-json\/wp\/v2\/media?parent=16093"}],"wp:term":[{"taxonomy":"product_brand","embeddable":true,"href":"https:\/\/timm-technology.com\/de\/wp-json\/wp\/v2\/product_brand?post=16093"},{"taxonomy":"product_cat","embeddable":true,"href":"https:\/\/timm-technology.com\/de\/wp-json\/wp\/v2\/product_cat?post=16093"},{"taxonomy":"product_tag","embeddable":true,"href":"https:\/\/timm-technology.com\/de\/wp-json\/wp\/v2\/product_tag?post=16093"}],"curies":[{"name":"wp","href":"https:\/\/api.w.org\/{rel}","templated":true}]}}