{"id":1734,"date":"2023-04-24T14:54:13","date_gmt":"2023-04-24T12:54:13","guid":{"rendered":"https:\/\/timm-technology.com\/produkt\/erdungswendelkabel-mit-buchse-fur-ekk-3-ekn-3-und-eks-3\/"},"modified":"2023-07-03T11:27:35","modified_gmt":"2023-07-03T09:27:35","slug":"erdungswendelkabel-mit-buchse-fur-ekk-3-ekn-3-und-eks-3","status":"publish","type":"product","link":"https:\/\/timm-technology.com\/de\/produkt\/erdungswendelkabel-mit-buchse-fur-ekk-3-ekn-3-und-eks-3\/","title":{"rendered":"Erdungswendelkabel mit Buchse, f\u00fcr EKK-3, EKN-3 und EKS-3"},"content":{"rendered":"<p><strong>Ausziehbares Erdungswendelkabel<\/strong> als Verbindung zwischen einem Erdungstestger\u00e4t und dem zu erdenden Objekt. <strong>Hohe Strahlenbest\u00e4ndigkeit<\/strong>, <strong>Mineral\u00f6lbest\u00e4ndigkeit<\/strong> und <strong>Langlebigkeit<\/strong> im Temperaturbereich von -25\u00b0C bis +70\u00b0C.<\/p>\n<p>Zusammen mit der Erdungszange EZ1-Dorn dient dieses Kabel als <strong>Abrei\u00dfsicherung<\/strong> beim verfr\u00fchten Losfahren des angeschlossenen LKW\u2019s.<\/p>\n<p>Passend konfektioniert mit Erdungsbuchse TW700 f\u00fcr den direkten Anschluss an die Erdungstestger\u00e4te <strong>EKK-3<\/strong>, <strong>EKN-3<\/strong> und <strong>EKS-3<\/strong>.<\/p>\n","protected":false},"excerpt":{"rendered":"<p>Ausziehbares Erdungswendelkabel als Verbindung zwischen einem Erdungstestger\u00e4t und dem zu erdenden Objekt. Hohe Strahlenbest\u00e4ndigkeit, Mineral\u00f6lbest\u00e4ndigkeit und Langlebigkeit im Temperaturbereich von -25\u00b0C bis +70\u00b0C. Zusammen mit der Erdungszange EZ1-Dorn dient dieses Kabel als Abrei\u00dfsicherung beim verfr\u00fchten Losfahren des angeschlossenen LKW\u2019s. Passend konfektioniert mit Erdungsbuchse TW700 f\u00fcr den direkten Anschluss an die Erdungstestger\u00e4te EKK-3, EKN-3 und EKS-3.<\/p>\n","protected":false},"featured_media":1640,"template":"","meta":[],"product_brand":[],"product_cat":[70,134,135],"product_tag":[],"class_list":{"0":"post-1734","1":"product","2":"type-product","3":"status-publish","4":"has-post-thumbnail","6":"product_cat-erdung","7":"product_cat-erdungstestgeraet-ekx-4-zubehoer","8":"product_cat-ekx-4-kabel","10":"first","11":"instock","12":"taxable","13":"shipping-taxable","14":"product-type-simple"},"jetpack_sharing_enabled":true,"_links":{"self":[{"href":"https:\/\/timm-technology.com\/de\/wp-json\/wp\/v2\/product\/1734","targetHints":{"allow":["GET"]}}],"collection":[{"href":"https:\/\/timm-technology.com\/de\/wp-json\/wp\/v2\/product"}],"about":[{"href":"https:\/\/timm-technology.com\/de\/wp-json\/wp\/v2\/types\/product"}],"version-history":[{"count":3,"href":"https:\/\/timm-technology.com\/de\/wp-json\/wp\/v2\/product\/1734\/revisions"}],"predecessor-version":[{"id":2974,"href":"https:\/\/timm-technology.com\/de\/wp-json\/wp\/v2\/product\/1734\/revisions\/2974"}],"wp:featuredmedia":[{"embeddable":true,"href":"https:\/\/timm-technology.com\/de\/wp-json\/wp\/v2\/media\/1640"}],"wp:attachment":[{"href":"https:\/\/timm-technology.com\/de\/wp-json\/wp\/v2\/media?parent=1734"}],"wp:term":[{"taxonomy":"product_brand","embeddable":true,"href":"https:\/\/timm-technology.com\/de\/wp-json\/wp\/v2\/product_brand?post=1734"},{"taxonomy":"product_cat","embeddable":true,"href":"https:\/\/timm-technology.com\/de\/wp-json\/wp\/v2\/product_cat?post=1734"},{"taxonomy":"product_tag","embeddable":true,"href":"https:\/\/timm-technology.com\/de\/wp-json\/wp\/v2\/product_tag?post=1734"}],"curies":[{"name":"wp","href":"https:\/\/api.w.org\/{rel}","templated":true}]}}