{"id":1738,"date":"2023-04-24T15:02:44","date_gmt":"2023-04-24T13:02:44","guid":{"rendered":"https:\/\/timm-technology.com\/produkt\/erdungswendelkabel-mit-zange-fur-ekx-4\/"},"modified":"2023-07-03T11:28:36","modified_gmt":"2023-07-03T09:28:36","slug":"erdungswendelkabel-mit-zange-fur-ekx-4","status":"publish","type":"product","link":"https:\/\/timm-technology.com\/de\/produkt\/erdungswendelkabel-mit-zange-fur-ekx-4\/","title":{"rendered":"Erdungswendelkabel mit Zange, f\u00fcr EKX-4"},"content":{"rendered":"<p><strong>Ausziehbares Erdungswendelkabel<\/strong> als Verbindung zwischen einem Erdungstestger\u00e4t und dem zu erdenden Objekt. <strong>Hohe Strahlenbest\u00e4ndigkeit<\/strong>, <strong>Mineral\u00f6lbest\u00e4ndigkeit<\/strong> und <strong>Langlebigkeit<\/strong> in Temperaturbereichen von -25\u00b0C bis +70\u00b0C.<\/p>\n<p>Passend konfektioniert mit 1-poliger Erdunszange f\u00fcr den direkten Anschluss an das Erdungstestger\u00e4t <strong>EKX-4<\/strong>. ATEX-zertifiziert f\u00fcr den Einsatz in den <strong>Zonen 1|2<\/strong> und <strong>21|22<\/strong>.<\/p>\n","protected":false},"excerpt":{"rendered":"<p>Ausziehbares Erdungswendelkabel als Verbindung zwischen einem Erdungstestger\u00e4t und dem zu erdenden Objekt. Hohe Strahlenbest\u00e4ndigkeit, Mineral\u00f6lbest\u00e4ndigkeit und Langlebigkeit in Temperaturbereichen von -25\u00b0C bis +70\u00b0C. Passend konfektioniert mit 1-poliger Erdunszange f\u00fcr den direkten Anschluss an das Erdungstestger\u00e4t EKX-4. ATEX-zertifiziert f\u00fcr den Einsatz in den Zonen 1|2 und 21|22.<\/p>\n","protected":false},"featured_media":1651,"template":"","meta":[],"product_brand":[],"product_cat":[70,134,135],"product_tag":[],"class_list":{"0":"post-1738","1":"product","2":"type-product","3":"status-publish","4":"has-post-thumbnail","6":"product_cat-erdung","7":"product_cat-erdungstestgeraet-ekx-4-zubehoer","8":"product_cat-ekx-4-kabel","10":"first","11":"instock","12":"taxable","13":"shipping-taxable","14":"product-type-variable"},"jetpack_sharing_enabled":true,"_links":{"self":[{"href":"https:\/\/timm-technology.com\/de\/wp-json\/wp\/v2\/product\/1738","targetHints":{"allow":["GET"]}}],"collection":[{"href":"https:\/\/timm-technology.com\/de\/wp-json\/wp\/v2\/product"}],"about":[{"href":"https:\/\/timm-technology.com\/de\/wp-json\/wp\/v2\/types\/product"}],"version-history":[{"count":2,"href":"https:\/\/timm-technology.com\/de\/wp-json\/wp\/v2\/product\/1738\/revisions"}],"predecessor-version":[{"id":2976,"href":"https:\/\/timm-technology.com\/de\/wp-json\/wp\/v2\/product\/1738\/revisions\/2976"}],"wp:featuredmedia":[{"embeddable":true,"href":"https:\/\/timm-technology.com\/de\/wp-json\/wp\/v2\/media\/1651"}],"wp:attachment":[{"href":"https:\/\/timm-technology.com\/de\/wp-json\/wp\/v2\/media?parent=1738"}],"wp:term":[{"taxonomy":"product_brand","embeddable":true,"href":"https:\/\/timm-technology.com\/de\/wp-json\/wp\/v2\/product_brand?post=1738"},{"taxonomy":"product_cat","embeddable":true,"href":"https:\/\/timm-technology.com\/de\/wp-json\/wp\/v2\/product_cat?post=1738"},{"taxonomy":"product_tag","embeddable":true,"href":"https:\/\/timm-technology.com\/de\/wp-json\/wp\/v2\/product_tag?post=1738"}],"curies":[{"name":"wp","href":"https:\/\/api.w.org\/{rel}","templated":true}]}}