{"id":1789,"date":"2023-04-24T17:33:42","date_gmt":"2023-04-24T15:33:42","guid":{"rendered":"https:\/\/timm-technology.com\/produkt\/glattes-erdungskabel-mit-zange-und-stecker-fur-ekx-4-und-vorgangermodelle\/"},"modified":"2023-07-03T11:31:19","modified_gmt":"2023-07-03T09:31:19","slug":"glattes-erdungskabel-mit-zange-und-stecker-fur-ekx-4-und-vorgangermodelle","status":"publish","type":"product","link":"https:\/\/timm-technology.com\/de\/produkt\/glattes-erdungskabel-mit-zange-und-stecker-fur-ekx-4-und-vorgangermodelle\/","title":{"rendered":"Glattes Erdungskabel mit Zange und Stecker, f\u00fcr EKX-4 und Vorg\u00e4ngermodelle"},"content":{"rendered":"<p>Verbindungskabel (1 x 6 mm\u00b2) aus Neopren mit 1-poliger Edelstahl-Erdungszange und Erdungsstecker zum Anschluss an die Erdungsbuchse TW 700. Mit ATEX-Zertifikat f\u00fcr den Einsatz in explosionsgef\u00e4hrdeten Bereichen.<\/p>\n<p><strong>Passend zu:<\/strong> Erdungstestger\u00e4t <strong>EKX-4<\/strong> und Vorg\u00e4ngermodellen <strong>(EKK-3, EKN-3 <\/strong>und<strong> EKS-3)<\/strong><\/p>\n","protected":false},"excerpt":{"rendered":"<p>Verbindungskabel (1 x 6 mm\u00b2) aus Neopren mit 1-poliger Edelstahl-Erdungszange und Erdungsstecker zum Anschluss an die Erdungsbuchse TW 700. Mit ATEX-Zertifikat f\u00fcr den Einsatz in explosionsgef\u00e4hrdeten Bereichen. Passend zu: Erdungstestger\u00e4t EKX-4 und Vorg\u00e4ngermodellen (EKK-3, EKN-3 und EKS-3)<\/p>\n","protected":false},"featured_media":1760,"template":"","meta":[],"product_brand":[],"product_cat":[70,134,135],"product_tag":[],"class_list":{"0":"post-1789","1":"product","2":"type-product","3":"status-publish","4":"has-post-thumbnail","6":"product_cat-erdung","7":"product_cat-erdungstestgeraet-ekx-4-zubehoer","8":"product_cat-ekx-4-kabel","10":"first","11":"instock","12":"taxable","13":"shipping-taxable","14":"product-type-variable"},"jetpack_sharing_enabled":true,"_links":{"self":[{"href":"https:\/\/timm-technology.com\/de\/wp-json\/wp\/v2\/product\/1789","targetHints":{"allow":["GET"]}}],"collection":[{"href":"https:\/\/timm-technology.com\/de\/wp-json\/wp\/v2\/product"}],"about":[{"href":"https:\/\/timm-technology.com\/de\/wp-json\/wp\/v2\/types\/product"}],"version-history":[{"count":2,"href":"https:\/\/timm-technology.com\/de\/wp-json\/wp\/v2\/product\/1789\/revisions"}],"predecessor-version":[{"id":3750,"href":"https:\/\/timm-technology.com\/de\/wp-json\/wp\/v2\/product\/1789\/revisions\/3750"}],"wp:featuredmedia":[{"embeddable":true,"href":"https:\/\/timm-technology.com\/de\/wp-json\/wp\/v2\/media\/1760"}],"wp:attachment":[{"href":"https:\/\/timm-technology.com\/de\/wp-json\/wp\/v2\/media?parent=1789"}],"wp:term":[{"taxonomy":"product_brand","embeddable":true,"href":"https:\/\/timm-technology.com\/de\/wp-json\/wp\/v2\/product_brand?post=1789"},{"taxonomy":"product_cat","embeddable":true,"href":"https:\/\/timm-technology.com\/de\/wp-json\/wp\/v2\/product_cat?post=1789"},{"taxonomy":"product_tag","embeddable":true,"href":"https:\/\/timm-technology.com\/de\/wp-json\/wp\/v2\/product_tag?post=1789"}],"curies":[{"name":"wp","href":"https:\/\/api.w.org\/{rel}","templated":true}]}}