{"id":1840,"date":"2023-04-25T17:06:21","date_gmt":"2023-04-25T15:06:21","guid":{"rendered":"http:\/\/relaunch.timm-technology.com\/produkt\/gummi-isoliertulle-fur-erdungszangen\/"},"modified":"2023-06-12T12:14:08","modified_gmt":"2023-06-12T10:14:08","slug":"gummi-isoliertulle-fur-erdungszangen","status":"publish","type":"product","link":"https:\/\/timm-technology.com\/de\/produkt\/gummi-isoliertulle-fur-erdungszangen\/","title":{"rendered":"Gummi-Isoliert\u00fclle f\u00fcr Erdungszangen"},"content":{"rendered":"<p>Mineral\u00f6l- und UV-best\u00e4ndige Gummi-Isoliert\u00fclle f\u00fcr 1-polige Erdungszangen, 2-polige Erdungszangen und Erdungszangen mit Dorn.<\/p>\n<p><em>(Lieferung ohne abgebildete Erdungszange)<\/em><\/p>\n","protected":false},"excerpt":{"rendered":"<p>Mineral\u00f6l- und UV-best\u00e4ndige Gummi-Isoliert\u00fclle f\u00fcr 1-polige Erdungszangen, 2-polige Erdungszangen und Erdungszangen mit Dorn. (Lieferung ohne abgebildete Erdungszange)<\/p>\n","protected":false},"featured_media":1828,"template":"","meta":[],"product_brand":[],"product_cat":[70,164,134,139,136,141,166],"product_tag":[],"class_list":{"0":"post-1840","1":"product","2":"type-product","3":"status-publish","4":"has-post-thumbnail","6":"product_cat-erdung","7":"product_cat-erdungstestgeraet-ekx-4-2-polig-zubehoer","8":"product_cat-erdungstestgeraet-ekx-4-zubehoer","9":"product_cat-erdungstestgeraet-ekx-fibc","10":"product_cat-ekx-4-zangen","11":"product_cat-ekx-fibc-zangen","12":"product_cat-ekx-4-2-polig-zangen","14":"first","15":"instock","16":"taxable","17":"shipping-taxable","18":"product-type-simple"},"jetpack_sharing_enabled":true,"_links":{"self":[{"href":"https:\/\/timm-technology.com\/de\/wp-json\/wp\/v2\/product\/1840","targetHints":{"allow":["GET"]}}],"collection":[{"href":"https:\/\/timm-technology.com\/de\/wp-json\/wp\/v2\/product"}],"about":[{"href":"https:\/\/timm-technology.com\/de\/wp-json\/wp\/v2\/types\/product"}],"version-history":[{"count":1,"href":"https:\/\/timm-technology.com\/de\/wp-json\/wp\/v2\/product\/1840\/revisions"}],"predecessor-version":[{"id":1841,"href":"https:\/\/timm-technology.com\/de\/wp-json\/wp\/v2\/product\/1840\/revisions\/1841"}],"wp:featuredmedia":[{"embeddable":true,"href":"https:\/\/timm-technology.com\/de\/wp-json\/wp\/v2\/media\/1828"}],"wp:attachment":[{"href":"https:\/\/timm-technology.com\/de\/wp-json\/wp\/v2\/media?parent=1840"}],"wp:term":[{"taxonomy":"product_brand","embeddable":true,"href":"https:\/\/timm-technology.com\/de\/wp-json\/wp\/v2\/product_brand?post=1840"},{"taxonomy":"product_cat","embeddable":true,"href":"https:\/\/timm-technology.com\/de\/wp-json\/wp\/v2\/product_cat?post=1840"},{"taxonomy":"product_tag","embeddable":true,"href":"https:\/\/timm-technology.com\/de\/wp-json\/wp\/v2\/product_tag?post=1840"}],"curies":[{"name":"wp","href":"https:\/\/api.w.org\/{rel}","templated":true}]}}