{"id":1865,"date":"2023-04-25T17:40:21","date_gmt":"2023-04-25T15:40:21","guid":{"rendered":"http:\/\/relaunch.timm-technology.com\/produkt\/ekx-object-selector-zur-umschaltung-der-objekterkennungsfunktion-des-erdungstestgerates-ekx-4\/"},"modified":"2023-08-22T12:17:57","modified_gmt":"2023-08-22T10:17:57","slug":"ekx-object-selector-zur-umschaltung-der-objekterkennungsfunktion-des-erdungstestgerates-ekx-4","status":"publish","type":"product","link":"https:\/\/timm-technology.com\/de\/produkt\/ekx-object-selector-zur-umschaltung-der-objekterkennungsfunktion-des-erdungstestgerates-ekx-4\/","title":{"rendered":"EKX Object Selector zur Umschaltung der Objekterkennungsfunktion des Erdungstestger\u00e4tes EKX-4"},"content":{"rendered":"<p class=\"p1\">Der EKX Object Selector ist eine optionale Erg\u00e4nzung zum Erdungstestger\u00e4t EKX-4. Er erm\u00f6glicht die tempor\u00e4re Umschaltung der Objekterkennungsfunktion des Erdungstestger\u00e4tes EKX-4 von Tankwagen zu Kesselwagen bzw. Tankwagen mit angeschlossenen F\u00fcllschl\u00e4uchen.<\/p>\n<ul class=\"ul1\">\n<li class=\"li1\">F\u00fcr explosionsgef\u00e4hrdete Bereiche der Zonen 1, 2, 21 und 22<\/li>\n<li class=\"li1\">Mit vorkonfektioniertem Verbindungskabel zum Erdungstestger\u00e4t (bis 10 m)<\/li>\n<li class=\"li1\">Einfache Integration in Bestandsinstallationen<\/li>\n<li class=\"li1\">Mit Schl\u00fcsselschalter in zwei Ausf\u00fchrungen: Schl\u00fcssel abziehbar nur in Position Tankwagen (EKX-OS1) oder Schl\u00fcssel abziehbar in beiden Positionen (EKX-OS2)<\/li>\n<li class=\"li1\">Ausf\u00fchrung mit Drucktaster erh\u00e4ltlich (EKX-OSP)<\/li>\n<li class=\"li1\">Aktive Erdungs\u00fcberwachung in allen Schalterstellungen<\/li>\n<\/ul>\n","protected":false},"excerpt":{"rendered":"<div class=\"product-short-description\">\n<ul class=\"ul1\">\n<li class=\"li1\">Zum Einsatz an kombinierten F\u00fcllb\u00fchnen (Tankwagen und Kesselwagen)<\/li>\n<li class=\"li1\">F\u00fcr Anwendungsf\u00e4lle, bei denen die Objekterkennungsfunktion des Erdungstestger\u00e4tes die Freigabe verhindert, z.B. Tankwagen mit angeschlossenen F\u00fcllschl\u00e4uchen<\/li>\n<li class=\"li1\">Das Erdungstestger\u00e4t EKX-4 muss sich in der Konfiguration f\u00fcr Tankwagen befinden<\/li>\n<li class=\"li1\">Mit dem Schl\u00fcsselschalter kann eine unberechtigte Bet\u00e4tigung verhindert werden<\/li>\n<li class=\"li1\">Zus\u00e4tzliche Schl\u00fcssel k\u00f6nnen nachbestellt werden<\/li>\n<\/ul>\n<\/div>\n","protected":false},"featured_media":1863,"template":"","meta":[],"product_brand":[],"product_cat":[70,134,138],"product_tag":[],"class_list":{"0":"post-1865","1":"product","2":"type-product","3":"status-publish","4":"has-post-thumbnail","6":"product_cat-erdung","7":"product_cat-erdungstestgeraet-ekx-4-zubehoer","8":"product_cat-ekx-4-sonstiges","10":"first","11":"instock","12":"taxable","13":"shipping-taxable","14":"product-type-variable"},"jetpack_sharing_enabled":true,"_links":{"self":[{"href":"https:\/\/timm-technology.com\/de\/wp-json\/wp\/v2\/product\/1865","targetHints":{"allow":["GET"]}}],"collection":[{"href":"https:\/\/timm-technology.com\/de\/wp-json\/wp\/v2\/product"}],"about":[{"href":"https:\/\/timm-technology.com\/de\/wp-json\/wp\/v2\/types\/product"}],"version-history":[{"count":2,"href":"https:\/\/timm-technology.com\/de\/wp-json\/wp\/v2\/product\/1865\/revisions"}],"predecessor-version":[{"id":10212,"href":"https:\/\/timm-technology.com\/de\/wp-json\/wp\/v2\/product\/1865\/revisions\/10212"}],"wp:featuredmedia":[{"embeddable":true,"href":"https:\/\/timm-technology.com\/de\/wp-json\/wp\/v2\/media\/1863"}],"wp:attachment":[{"href":"https:\/\/timm-technology.com\/de\/wp-json\/wp\/v2\/media?parent=1865"}],"wp:term":[{"taxonomy":"product_brand","embeddable":true,"href":"https:\/\/timm-technology.com\/de\/wp-json\/wp\/v2\/product_brand?post=1865"},{"taxonomy":"product_cat","embeddable":true,"href":"https:\/\/timm-technology.com\/de\/wp-json\/wp\/v2\/product_cat?post=1865"},{"taxonomy":"product_tag","embeddable":true,"href":"https:\/\/timm-technology.com\/de\/wp-json\/wp\/v2\/product_tag?post=1865"}],"curies":[{"name":"wp","href":"https:\/\/api.w.org\/{rel}","templated":true}]}}