{"id":1882,"date":"2023-04-26T09:46:50","date_gmt":"2023-04-26T07:46:50","guid":{"rendered":"https:\/\/timm-technology.com\/produkt\/zangenhalter-fur-erdungszangen\/"},"modified":"2023-06-12T12:16:50","modified_gmt":"2023-06-12T10:16:50","slug":"zangenhalter-fur-erdungszangen","status":"publish","type":"product","link":"https:\/\/timm-technology.com\/de\/produkt\/zangenhalter-fur-erdungszangen\/","title":{"rendered":"Zangenhalter f\u00fcr Erdungszangen"},"content":{"rendered":"<ul>\n<li>Der Halter dient zum ordentlichen und isolierten Aufh\u00e4ngen der Erdungszangen, um ein Herumliegen der Kabel und eine ungewollte Freigabe des Erdungstestger\u00e4tes zu vermeiden.<\/li>\n<li>Halterung passend f\u00fcr 1-polige Erdungszange, 2-polige Erdungszange, Erdungszange mit Dorn, TIMM Bite Erdungszangen und die EKX-FIBC Erdungszangen; inkl. Befestigungsschrauben.<\/li>\n<\/ul>\n","protected":false},"excerpt":{"rendered":"<p>Der Halter dient zum ordentlichen und isolierten Aufh\u00e4ngen der Erdungszangen, um ein Herumliegen der Kabel und eine ungewollte Freigabe des Erdungstestger\u00e4tes zu vermeiden. Halterung passend f\u00fcr 1-polige Erdungszange, 2-polige Erdungszange, Erdungszange mit Dorn, TIMM Bite Erdungszangen und die EKX-FIBC Erdungszangen; inkl. Befestigungsschrauben.<\/p>\n","protected":false},"featured_media":1875,"template":"","meta":[],"product_brand":[],"product_cat":[70,164,134,139,138,143,167],"product_tag":[],"class_list":{"0":"post-1882","1":"product","2":"type-product","3":"status-publish","4":"has-post-thumbnail","6":"product_cat-erdung","7":"product_cat-erdungstestgeraet-ekx-4-2-polig-zubehoer","8":"product_cat-erdungstestgeraet-ekx-4-zubehoer","9":"product_cat-erdungstestgeraet-ekx-fibc","10":"product_cat-ekx-4-sonstiges","11":"product_cat-ekx-fibc-sonstiges","12":"product_cat-ekx-4-2-polig-sonstiges","14":"first","15":"instock","16":"taxable","17":"shipping-taxable","18":"product-type-simple"},"jetpack_sharing_enabled":true,"_links":{"self":[{"href":"https:\/\/timm-technology.com\/de\/wp-json\/wp\/v2\/product\/1882","targetHints":{"allow":["GET"]}}],"collection":[{"href":"https:\/\/timm-technology.com\/de\/wp-json\/wp\/v2\/product"}],"about":[{"href":"https:\/\/timm-technology.com\/de\/wp-json\/wp\/v2\/types\/product"}],"version-history":[{"count":3,"href":"https:\/\/timm-technology.com\/de\/wp-json\/wp\/v2\/product\/1882\/revisions"}],"predecessor-version":[{"id":8051,"href":"https:\/\/timm-technology.com\/de\/wp-json\/wp\/v2\/product\/1882\/revisions\/8051"}],"wp:featuredmedia":[{"embeddable":true,"href":"https:\/\/timm-technology.com\/de\/wp-json\/wp\/v2\/media\/1875"}],"wp:attachment":[{"href":"https:\/\/timm-technology.com\/de\/wp-json\/wp\/v2\/media?parent=1882"}],"wp:term":[{"taxonomy":"product_brand","embeddable":true,"href":"https:\/\/timm-technology.com\/de\/wp-json\/wp\/v2\/product_brand?post=1882"},{"taxonomy":"product_cat","embeddable":true,"href":"https:\/\/timm-technology.com\/de\/wp-json\/wp\/v2\/product_cat?post=1882"},{"taxonomy":"product_tag","embeddable":true,"href":"https:\/\/timm-technology.com\/de\/wp-json\/wp\/v2\/product_tag?post=1882"}],"curies":[{"name":"wp","href":"https:\/\/api.w.org\/{rel}","templated":true}]}}