{"id":2042,"date":"2023-04-26T12:52:52","date_gmt":"2023-04-26T10:52:52","guid":{"rendered":"http:\/\/relaunch.timm-technology.com\/produkt\/erdungsstecker-fur-ekx-4-und-vorgangermodelle\/"},"modified":"2023-05-02T14:49:24","modified_gmt":"2023-05-02T12:49:24","slug":"erdungsstecker-fur-ekx-4-und-vorgangermodelle","status":"publish","type":"product","link":"https:\/\/timm-technology.com\/de\/produkt\/erdungsstecker-fur-ekx-4-und-vorgangermodelle\/","title":{"rendered":"Erdungsstecker, f\u00fcr EKX-4 und Vorg\u00e4ngermodelle"},"content":{"rendered":"<p>Schlagfester Erdungsstecker (D = 10 mm) als Teil einer <strong>Abrei\u00dfsicherung beim verfr\u00fchten Losfahren<\/strong> des angeschlossenen LKW&#8217;s.<\/p>\n<p>Kombinierbar mit der Erdungsbuchse TW 700 oder mit Erdungskabel und angeschlossener, 1-poliger Erdungszange.<\/p>\n","protected":false},"excerpt":{"rendered":"<p>Schlagfester Erdungsstecker (D = 10 mm) als Teil einer Abrei\u00dfsicherung beim verfr\u00fchten Losfahren des angeschlossenen LKW&#8217;s. Kombinierbar mit der Erdungsbuchse TW 700 oder mit Erdungskabel und angeschlossener, 1-poliger Erdungszange.<\/p>\n","protected":false},"featured_media":2036,"template":"","meta":[],"product_brand":[],"product_cat":[70,134,138],"product_tag":[],"class_list":{"0":"post-2042","1":"product","2":"type-product","3":"status-publish","4":"has-post-thumbnail","6":"product_cat-erdung","7":"product_cat-erdungstestgeraet-ekx-4-zubehoer","8":"product_cat-ekx-4-sonstiges","10":"first","11":"instock","12":"taxable","13":"shipping-taxable","14":"product-type-simple"},"jetpack_sharing_enabled":true,"_links":{"self":[{"href":"https:\/\/timm-technology.com\/de\/wp-json\/wp\/v2\/product\/2042","targetHints":{"allow":["GET"]}}],"collection":[{"href":"https:\/\/timm-technology.com\/de\/wp-json\/wp\/v2\/product"}],"about":[{"href":"https:\/\/timm-technology.com\/de\/wp-json\/wp\/v2\/types\/product"}],"version-history":[{"count":2,"href":"https:\/\/timm-technology.com\/de\/wp-json\/wp\/v2\/product\/2042\/revisions"}],"predecessor-version":[{"id":3713,"href":"https:\/\/timm-technology.com\/de\/wp-json\/wp\/v2\/product\/2042\/revisions\/3713"}],"wp:featuredmedia":[{"embeddable":true,"href":"https:\/\/timm-technology.com\/de\/wp-json\/wp\/v2\/media\/2036"}],"wp:attachment":[{"href":"https:\/\/timm-technology.com\/de\/wp-json\/wp\/v2\/media?parent=2042"}],"wp:term":[{"taxonomy":"product_brand","embeddable":true,"href":"https:\/\/timm-technology.com\/de\/wp-json\/wp\/v2\/product_brand?post=2042"},{"taxonomy":"product_cat","embeddable":true,"href":"https:\/\/timm-technology.com\/de\/wp-json\/wp\/v2\/product_cat?post=2042"},{"taxonomy":"product_tag","embeddable":true,"href":"https:\/\/timm-technology.com\/de\/wp-json\/wp\/v2\/product_tag?post=2042"}],"curies":[{"name":"wp","href":"https:\/\/api.w.org\/{rel}","templated":true}]}}