{"id":2112,"date":"2023-04-26T15:38:12","date_gmt":"2023-04-26T13:38:12","guid":{"rendered":"http:\/\/relaunch.timm-technology.com\/produkt\/erdungstestgerat-ekx-fibc\/"},"modified":"2025-09-02T11:02:52","modified_gmt":"2025-09-02T09:02:52","slug":"erdungstestgerat-ekx-fibc","status":"publish","type":"product","link":"https:\/\/timm-technology.com\/de\/produkt\/erdungstestgerat-ekx-fibc\/","title":{"rendered":"Erdungstestger\u00e4t EKX-FIBC"},"content":{"rendered":"\t\t<div data-elementor-type=\"product-post\" data-elementor-id=\"2112\" class=\"elementor elementor-2112 elementor-2096\" data-elementor-post-type=\"product\">\n\t\t\t\t\t\t<section class=\"elementor-section elementor-top-section elementor-element elementor-element-3378d2fd elementor-section-boxed elementor-section-height-default elementor-section-height-default\" data-id=\"3378d2fd\" data-element_type=\"section\" data-e-type=\"section\">\n\t\t\t\t\t\t<div class=\"elementor-container elementor-column-gap-default\">\n\t\t\t\t\t<div class=\"elementor-column elementor-col-100 elementor-top-column elementor-element elementor-element-58e95c15\" data-id=\"58e95c15\" data-element_type=\"column\" data-e-type=\"column\">\n\t\t\t<div class=\"elementor-widget-wrap elementor-element-populated\">\n\t\t\t\t\t\t<div class=\"elementor-element elementor-element-13782537 elementor-widget elementor-widget-text-editor\" data-id=\"13782537\" data-element_type=\"widget\" data-e-type=\"widget\" data-widget_type=\"text-editor.default\">\n\t\t\t\t<div class=\"elementor-widget-container\">\n\t\t\t\t\t\t\t\t\t<ul>\r\n \t<li>F\u00fcr alle <strong>FIBC Typ C<\/strong> gem\u00e4\u00df<strong> IEC 61340-4-4<\/strong> (10 M\u03a9 und 100 M\u03a9)<\/li>\r\n \t<li>Kontrollierte Ableitung der entstehenden <strong>statischen Elektrizit\u00e4t <\/strong>bei Bef\u00fcll- und Entleervorg\u00e4ngen<\/li>\r\n \t<li><strong>Manipulationssicherheit<\/strong> durch digitale Messtechnik und<strong> zuverl\u00e4ssige Objekterkennung<\/strong> (5-Check-Prinzip)<\/li>\r\n \t<li>Relais- und NAMUR-<strong>Steuerausgang<\/strong><\/li>\r\n \t<li>Einsatz in <strong>gas- und staubexplosionsgef\u00e4hrdeten<\/strong> <strong>Bereichen<\/strong> der Zone 1, Zone 2, Zone 21 und Zone 22<\/li>\r\n \t<li><strong>Autodiagnose-System<\/strong> zur permanenten Selbst\u00fcberwachung aller sicherheitsrelevanten Funktionen<\/li>\r\n \t<li>Einfaches Handling durch <strong>Kabel-Schnellkupplungen<\/strong> und integriertes <strong>Klartext-OLED-Display<\/strong><\/li>\r\n \t<li>Montage des Hauptger\u00e4tes in einer Entfernung <strong>von bis zu 20m<\/strong> vom Arbeitsplatz m\u00f6glich<\/li>\r\n<\/ul>\t\t\t\t\t\t\t\t<\/div>\n\t\t\t\t<\/div>\n\t\t\t\t\t<\/div>\n\t\t<\/div>\n\t\t\t\t\t<\/div>\n\t\t<\/section>\n\t\t\t\t<section class=\"elementor-section elementor-top-section elementor-element elementor-element-e780e57 elementor-section-boxed elementor-section-height-default elementor-section-height-default\" data-id=\"e780e57\" data-element_type=\"section\" data-e-type=\"section\">\n\t\t\t\t\t\t<div class=\"elementor-container elementor-column-gap-default\">\n\t\t\t\t\t<div class=\"elementor-column elementor-col-100 elementor-top-column elementor-element elementor-element-d90c73a\" data-id=\"d90c73a\" data-element_type=\"column\" data-e-type=\"column\">\n\t\t\t<div class=\"elementor-widget-wrap elementor-element-populated\">\n\t\t\t\t\t\t<div class=\"elementor-element elementor-element-60ea1a1 elementor-widget elementor-widget-html\" data-id=\"60ea1a1\" data-element_type=\"widget\" data-e-type=\"widget\" data-widget_type=\"html.default\">\n\t\t\t\t<div class=\"elementor-widget-container\">\n\t\t\t\t\t<iframe src=\"https:\/\/timmtechnology.autodesk360.com\/shares\/public\/SH30dd5QT870c25f12fc3c05c26130f61a5f?mode=embed\" width=\"1024\" height=\"768\" allowfullscreen=\"true\" webkitallowfullscreen=\"true\" mozallowfullscreen=\"true\"  frameborder=\"0\"><\/iframe>\r\n\t\t\t\t<\/div>\n\t\t\t\t<\/div>\n\t\t\t\t\t<\/div>\n\t\t<\/div>\n\t\t\t\t\t<\/div>\n\t\t<\/section>\n\t\t\t\t<\/div>\n\t\t","protected":false},"excerpt":{"rendered":"<p>F\u00fcr alle FIBC Typ C gem\u00e4\u00df IEC 61340-4-4 (10 M\u03a9 und 100 M\u03a9) Kontrollierte Ableitung der entstehenden statischen Elektrizit\u00e4t bei Bef\u00fcll- und Entleervorg\u00e4ngen Manipulationssicherheit durch digitale Messtechnik und zuverl\u00e4ssige Objekterkennung (5-Check-Prinzip) Relais- und NAMUR-Steuerausgang Einsatz in gas- und staubexplosionsgef\u00e4hrdeten Bereichen der Zone 1, Zone 2, Zone 21 und Zone 22 Autodiagnose-System zur permanenten Selbst\u00fcberwachung aller [&hellip;]<\/p>\n","protected":false},"featured_media":2108,"template":"","meta":[],"product_brand":[],"product_cat":[70,139],"product_tag":[],"class_list":{"0":"post-2112","1":"product","2":"type-product","3":"status-publish","4":"has-post-thumbnail","6":"product_cat-erdung","7":"product_cat-erdungstestgeraet-ekx-fibc","9":"first","10":"instock","11":"taxable","12":"shipping-taxable","13":"product-type-variable"},"jetpack_sharing_enabled":true,"_links":{"self":[{"href":"https:\/\/timm-technology.com\/de\/wp-json\/wp\/v2\/product\/2112","targetHints":{"allow":["GET"]}}],"collection":[{"href":"https:\/\/timm-technology.com\/de\/wp-json\/wp\/v2\/product"}],"about":[{"href":"https:\/\/timm-technology.com\/de\/wp-json\/wp\/v2\/types\/product"}],"version-history":[{"count":7,"href":"https:\/\/timm-technology.com\/de\/wp-json\/wp\/v2\/product\/2112\/revisions"}],"predecessor-version":[{"id":16053,"href":"https:\/\/timm-technology.com\/de\/wp-json\/wp\/v2\/product\/2112\/revisions\/16053"}],"wp:featuredmedia":[{"embeddable":true,"href":"https:\/\/timm-technology.com\/de\/wp-json\/wp\/v2\/media\/2108"}],"wp:attachment":[{"href":"https:\/\/timm-technology.com\/de\/wp-json\/wp\/v2\/media?parent=2112"}],"wp:term":[{"taxonomy":"product_brand","embeddable":true,"href":"https:\/\/timm-technology.com\/de\/wp-json\/wp\/v2\/product_brand?post=2112"},{"taxonomy":"product_cat","embeddable":true,"href":"https:\/\/timm-technology.com\/de\/wp-json\/wp\/v2\/product_cat?post=2112"},{"taxonomy":"product_tag","embeddable":true,"href":"https:\/\/timm-technology.com\/de\/wp-json\/wp\/v2\/product_tag?post=2112"}],"curies":[{"name":"wp","href":"https:\/\/api.w.org\/{rel}","templated":true}]}}