{"id":2195,"date":"2023-04-26T17:26:27","date_gmt":"2023-04-26T15:26:27","guid":{"rendered":"https:\/\/timm-technology.com\/produkt\/verbindungskabel-fur-ekx-fibc-externes-messmodul\/"},"modified":"2023-06-12T12:20:25","modified_gmt":"2023-06-12T10:20:25","slug":"verbindungskabel-fur-ekx-fibc-externes-messmodul","status":"publish","type":"product","link":"https:\/\/timm-technology.com\/de\/produkt\/verbindungskabel-fur-ekx-fibc-externes-messmodul\/","title":{"rendered":"Verbindungskabel f\u00fcr EKX-FIBC (Externes Messmodul)"},"content":{"rendered":"<p>Verbindungskabel f\u00fcr die EKX-FIBC-Varianten mit wahlweise <strong>einem<\/strong> oder <strong>zwei externen Messmodulen<\/strong>.<\/p>\n<p>Die Kabel dienen als Verbindung zwischen dem Hauptgeh\u00e4use und dem Messmodul (Variante 1) oder zwischen zwei externen Messmodulen (Variante 2).<\/p>\n<ul>\n<li>In <strong>Variante 1<\/strong> ist auf der einen Seite eine Schnellkupplung, auf der anderen Seite der Anschluss f\u00fcr die Platine im Hauptgeh\u00e4use konfektioniert. Die Kabell\u00e4nge betr\u00e4gt entweder 10 m oder 20 m.<\/li>\n<li>In<strong> Variante 2<\/strong> befinden sich auf beiden Seiten des Kabels Schnellkupplungen, damit das Kabel an die Messmodule angeschlossen werden kann. Die Kabell\u00e4nge betr\u00e4gt 10 m.<\/li>\n<\/ul>\n<p><strong>Wichtig:<\/strong> Die Gesamtl\u00e4nge der Kabel ist auf maximal 20 m begrenzt. Es ist also <strong>nicht<\/strong> m\u00f6glich, Ausf\u00fchrung 1 in 20 m und Ausf\u00fchrung 2 in 10 m zu kombinieren.<\/p>\n","protected":false},"excerpt":{"rendered":"<p>Verbindungskabel f\u00fcr die EKX-FIBC-Varianten mit externen Messmodulen<\/p>\n","protected":false},"featured_media":2190,"template":"","meta":[],"product_brand":[],"product_cat":[70,139,143],"product_tag":[],"class_list":{"0":"post-2195","1":"product","2":"type-product","3":"status-publish","4":"has-post-thumbnail","6":"product_cat-erdung","7":"product_cat-erdungstestgeraet-ekx-fibc","8":"product_cat-ekx-fibc-sonstiges","10":"first","11":"instock","12":"taxable","13":"shipping-taxable","14":"product-type-variable"},"jetpack_sharing_enabled":true,"_links":{"self":[{"href":"https:\/\/timm-technology.com\/de\/wp-json\/wp\/v2\/product\/2195","targetHints":{"allow":["GET"]}}],"collection":[{"href":"https:\/\/timm-technology.com\/de\/wp-json\/wp\/v2\/product"}],"about":[{"href":"https:\/\/timm-technology.com\/de\/wp-json\/wp\/v2\/types\/product"}],"version-history":[{"count":2,"href":"https:\/\/timm-technology.com\/de\/wp-json\/wp\/v2\/product\/2195\/revisions"}],"predecessor-version":[{"id":8055,"href":"https:\/\/timm-technology.com\/de\/wp-json\/wp\/v2\/product\/2195\/revisions\/8055"}],"wp:featuredmedia":[{"embeddable":true,"href":"https:\/\/timm-technology.com\/de\/wp-json\/wp\/v2\/media\/2190"}],"wp:attachment":[{"href":"https:\/\/timm-technology.com\/de\/wp-json\/wp\/v2\/media?parent=2195"}],"wp:term":[{"taxonomy":"product_brand","embeddable":true,"href":"https:\/\/timm-technology.com\/de\/wp-json\/wp\/v2\/product_brand?post=2195"},{"taxonomy":"product_cat","embeddable":true,"href":"https:\/\/timm-technology.com\/de\/wp-json\/wp\/v2\/product_cat?post=2195"},{"taxonomy":"product_tag","embeddable":true,"href":"https:\/\/timm-technology.com\/de\/wp-json\/wp\/v2\/product_tag?post=2195"}],"curies":[{"name":"wp","href":"https:\/\/api.w.org\/{rel}","templated":true}]}}