{"id":2202,"date":"2023-04-26T17:41:16","date_gmt":"2023-04-26T15:41:16","guid":{"rendered":"https:\/\/timm-technology.com\/produkt\/testvorrichtung-ekx-fibc\/"},"modified":"2023-06-12T12:26:12","modified_gmt":"2023-06-12T10:26:12","slug":"testvorrichtung-ekx-fibc","status":"publish","type":"product","link":"https:\/\/timm-technology.com\/de\/produkt\/testvorrichtung-ekx-fibc\/","title":{"rendered":"Testvorrichtung EKX-FIBC"},"content":{"rendered":"<p>Kategorie: Erdungstestger\u00e4t EKX-FIBC<\/p>\n<p>Die Testvorrichtung TQ-FIBC ist zur Funktionspr\u00fcfung von EKX-FIBC Erdungstestger\u00e4ten bestimmt. <strong>Die Testvorrichtung TQ-FIBC ist f\u00fcr alle Produktvarianten des Erdungstestger\u00e4tes EKX-FIBC<\/strong><\/p>\n<ul>\n<li>ohne externe Messmodule [MCM]<\/li>\n<li>mit einem externen Messmodul [MCI + MBX]<\/li>\n<li>mit zwei externen Messmodulen [MCI + 2\u00d7MBX]<\/li>\n<\/ul>\n<p><strong>Technische Spezifikationen:<\/strong><\/p>\n<ul>\n<li>Einfaches elektrisches Betriebsmittel<\/li>\n<li>Einsetzbar in Zonen in explosionsgef\u00e4hrdeten Bereichen der Zonen 1, 2 bzw. 21, 22<\/li>\n<\/ul>\n","protected":false},"excerpt":{"rendered":"<p>Die Testvorrichtung TQ-FIBC ist zur Funktionspr\u00fcfung von EKX-FIBC Erdungstestger\u00e4ten bestimmt. <strong>Die Testvorrichtung TQ-FIBC ist f\u00fcr alle Produktvarianten des Erdungstestger\u00e4tes EKX-FIBC<\/strong> einsetzbar.<\/p>\n","protected":false},"featured_media":2186,"template":"","meta":[],"product_brand":[],"product_cat":[70,139,143],"product_tag":[],"class_list":{"0":"post-2202","1":"product","2":"type-product","3":"status-publish","4":"has-post-thumbnail","6":"product_cat-erdung","7":"product_cat-erdungstestgeraet-ekx-fibc","8":"product_cat-ekx-fibc-sonstiges","10":"first","11":"instock","12":"taxable","13":"shipping-taxable","14":"product-type-simple"},"jetpack_sharing_enabled":true,"_links":{"self":[{"href":"https:\/\/timm-technology.com\/de\/wp-json\/wp\/v2\/product\/2202","targetHints":{"allow":["GET"]}}],"collection":[{"href":"https:\/\/timm-technology.com\/de\/wp-json\/wp\/v2\/product"}],"about":[{"href":"https:\/\/timm-technology.com\/de\/wp-json\/wp\/v2\/types\/product"}],"version-history":[{"count":2,"href":"https:\/\/timm-technology.com\/de\/wp-json\/wp\/v2\/product\/2202\/revisions"}],"predecessor-version":[{"id":8073,"href":"https:\/\/timm-technology.com\/de\/wp-json\/wp\/v2\/product\/2202\/revisions\/8073"}],"wp:featuredmedia":[{"embeddable":true,"href":"https:\/\/timm-technology.com\/de\/wp-json\/wp\/v2\/media\/2186"}],"wp:attachment":[{"href":"https:\/\/timm-technology.com\/de\/wp-json\/wp\/v2\/media?parent=2202"}],"wp:term":[{"taxonomy":"product_brand","embeddable":true,"href":"https:\/\/timm-technology.com\/de\/wp-json\/wp\/v2\/product_brand?post=2202"},{"taxonomy":"product_cat","embeddable":true,"href":"https:\/\/timm-technology.com\/de\/wp-json\/wp\/v2\/product_cat?post=2202"},{"taxonomy":"product_tag","embeddable":true,"href":"https:\/\/timm-technology.com\/de\/wp-json\/wp\/v2\/product_tag?post=2202"}],"curies":[{"name":"wp","href":"https:\/\/api.w.org\/{rel}","templated":true}]}}