{"id":2247,"date":"2023-04-27T10:18:00","date_gmt":"2023-04-27T08:18:00","guid":{"rendered":"http:\/\/relaunch.timm-technology.com\/produkt\/glattes-erdungskabel-mit-zange-fur-ekx-4-2-polig\/"},"modified":"2023-07-03T09:50:17","modified_gmt":"2023-07-03T07:50:17","slug":"glattes-erdungskabel-mit-zange-fur-ekx-4-2-polig","status":"publish","type":"product","link":"https:\/\/timm-technology.com\/de\/produkt\/glattes-erdungskabel-mit-zange-fur-ekx-4-2-polig\/","title":{"rendered":"Glattes Erdungskabel mit Zange, f\u00fcr EKX-4 (2-polig)"},"content":{"rendered":"<p><strong>Glattes Erdungskabel<\/strong> (2&#215;1,5mm\u00b2) als Verbindung zwischen einem Erdungstestger\u00e4t und dem zu erdenden Objekt. <strong>Flammenwidrig, mineral\u00f6lbest\u00e4ndig<\/strong> und hoch <strong>mechanisch belastbar<\/strong> in Temperaturbereichen von -25\u00b0C bis +60\u00b0C.<\/p>\n<p>Neopren-Erdungskabel passend konfektioniert mit 2-poliger Erdungszange zum Anschluss an das Erdungstestger\u00e4t <strong>EKX-4 (2-polig)<\/strong>. ATEX-zertifiziert f\u00fcr den Einsatz in den Zonen <strong>1|2<\/strong> und <strong>21|22<\/strong>.<\/p>\n","protected":false},"excerpt":{"rendered":"<p>Glattes Erdungskabel (2&#215;1,5mm\u00b2) als Verbindung zwischen einem Erdungstestger\u00e4t und dem zu erdenden Objekt. Flammenwidrig, mineral\u00f6lbest\u00e4ndig und hoch mechanisch belastbar in Temperaturbereichen von -25\u00b0C bis +60\u00b0C. Neopren-Erdungskabel passend konfektioniert mit 2-poliger Erdungszange zum Anschluss an das Erdungstestger\u00e4t EKX-4 (2-polig). ATEX-zertifiziert f\u00fcr den Einsatz in den Zonen 1|2 und 21|22.<\/p>\n","protected":false},"featured_media":2246,"template":"","meta":[],"product_brand":[],"product_cat":[70,164,165],"product_tag":[],"class_list":{"0":"post-2247","1":"product","2":"type-product","3":"status-publish","4":"has-post-thumbnail","6":"product_cat-erdung","7":"product_cat-erdungstestgeraet-ekx-4-2-polig-zubehoer","8":"product_cat-ekx-4-2-polig-kabel","10":"first","11":"instock","12":"taxable","13":"shipping-taxable","14":"product-type-variable"},"jetpack_sharing_enabled":true,"_links":{"self":[{"href":"https:\/\/timm-technology.com\/de\/wp-json\/wp\/v2\/product\/2247","targetHints":{"allow":["GET"]}}],"collection":[{"href":"https:\/\/timm-technology.com\/de\/wp-json\/wp\/v2\/product"}],"about":[{"href":"https:\/\/timm-technology.com\/de\/wp-json\/wp\/v2\/types\/product"}],"version-history":[{"count":2,"href":"https:\/\/timm-technology.com\/de\/wp-json\/wp\/v2\/product\/2247\/revisions"}],"predecessor-version":[{"id":3585,"href":"https:\/\/timm-technology.com\/de\/wp-json\/wp\/v2\/product\/2247\/revisions\/3585"}],"wp:featuredmedia":[{"embeddable":true,"href":"https:\/\/timm-technology.com\/de\/wp-json\/wp\/v2\/media\/2246"}],"wp:attachment":[{"href":"https:\/\/timm-technology.com\/de\/wp-json\/wp\/v2\/media?parent=2247"}],"wp:term":[{"taxonomy":"product_brand","embeddable":true,"href":"https:\/\/timm-technology.com\/de\/wp-json\/wp\/v2\/product_brand?post=2247"},{"taxonomy":"product_cat","embeddable":true,"href":"https:\/\/timm-technology.com\/de\/wp-json\/wp\/v2\/product_cat?post=2247"},{"taxonomy":"product_tag","embeddable":true,"href":"https:\/\/timm-technology.com\/de\/wp-json\/wp\/v2\/product_tag?post=2247"}],"curies":[{"name":"wp","href":"https:\/\/api.w.org\/{rel}","templated":true}]}}