{"id":2261,"date":"2023-04-27T10:35:28","date_gmt":"2023-04-27T08:35:28","guid":{"rendered":"https:\/\/timm-technology.com\/produkt\/2-polige-erdungszange-fur-kabel-2-x-15-mm%c2%b2-fur-ekx-4-2-polig\/"},"modified":"2023-07-03T09:51:16","modified_gmt":"2023-07-03T07:51:16","slug":"2-polige-erdungszange-fur-kabel-2-x-15-mm%c2%b2-fur-ekx-4-2-polig","status":"publish","type":"product","link":"https:\/\/timm-technology.com\/de\/produkt\/2-polige-erdungszange-fur-kabel-2-x-15-mm%c2%b2-fur-ekx-4-2-polig\/","title":{"rendered":"2-polige Erdungszange f\u00fcr Kabel 2 x 1,5 mm\u00b2, f\u00fcr EKX-4 (2-polig)"},"content":{"rendered":"<p><strong>ATEX-zertifizierte<\/strong> Edelstahl-Erdungszange mit Gummi-Isolierh\u00fclle f\u00fcr das <strong>Erdungstestger\u00e4t EKX-4 (2-polig)<\/strong> zur <strong>Fass- und Container-Erdung<\/strong>.<\/p>\n<p>Zum Anschluss an <strong>2&#215;1,5mm\u00b2<\/strong> Wendel-, Neopren- oder Silikonkabel.<\/p>\n","protected":false},"excerpt":{"rendered":"<p>ATEX-zertifizierte Edelstahl-Erdungszange mit Gummi-Isolierh\u00fclle f\u00fcr das Erdungstestger\u00e4t EKX-4 (2-polig) zur Fass- und Container-Erdung. Zum Anschluss an 2&#215;1,5mm\u00b2 Wendel-, Neopren- oder Silikonkabel.<\/p>\n","protected":false},"featured_media":2260,"template":"","meta":[],"product_brand":[],"product_cat":[70,164,166],"product_tag":[],"class_list":{"0":"post-2261","1":"product","2":"type-product","3":"status-publish","4":"has-post-thumbnail","6":"product_cat-erdung","7":"product_cat-erdungstestgeraet-ekx-4-2-polig-zubehoer","8":"product_cat-ekx-4-2-polig-zangen","10":"first","11":"instock","12":"taxable","13":"shipping-taxable","14":"product-type-simple"},"jetpack_sharing_enabled":true,"_links":{"self":[{"href":"https:\/\/timm-technology.com\/de\/wp-json\/wp\/v2\/product\/2261","targetHints":{"allow":["GET"]}}],"collection":[{"href":"https:\/\/timm-technology.com\/de\/wp-json\/wp\/v2\/product"}],"about":[{"href":"https:\/\/timm-technology.com\/de\/wp-json\/wp\/v2\/types\/product"}],"version-history":[{"count":1,"href":"https:\/\/timm-technology.com\/de\/wp-json\/wp\/v2\/product\/2261\/revisions"}],"predecessor-version":[{"id":2262,"href":"https:\/\/timm-technology.com\/de\/wp-json\/wp\/v2\/product\/2261\/revisions\/2262"}],"wp:featuredmedia":[{"embeddable":true,"href":"https:\/\/timm-technology.com\/de\/wp-json\/wp\/v2\/media\/2260"}],"wp:attachment":[{"href":"https:\/\/timm-technology.com\/de\/wp-json\/wp\/v2\/media?parent=2261"}],"wp:term":[{"taxonomy":"product_brand","embeddable":true,"href":"https:\/\/timm-technology.com\/de\/wp-json\/wp\/v2\/product_brand?post=2261"},{"taxonomy":"product_cat","embeddable":true,"href":"https:\/\/timm-technology.com\/de\/wp-json\/wp\/v2\/product_cat?post=2261"},{"taxonomy":"product_tag","embeddable":true,"href":"https:\/\/timm-technology.com\/de\/wp-json\/wp\/v2\/product_tag?post=2261"}],"curies":[{"name":"wp","href":"https:\/\/api.w.org\/{rel}","templated":true}]}}