{"id":2289,"date":"2023-04-27T11:16:12","date_gmt":"2023-04-27T09:16:12","guid":{"rendered":"https:\/\/timm-technology.com\/produkt\/erdungstestgerat-ekx-4-lt\/"},"modified":"2024-09-11T10:15:59","modified_gmt":"2024-09-11T08:15:59","slug":"erdungstestgerat-ekx-4-lt","status":"publish","type":"product","link":"https:\/\/timm-technology.com\/de\/produkt\/erdungstestgerat-ekx-4-lt\/","title":{"rendered":"Erdungstestger\u00e4t EKX-4 LT"},"content":{"rendered":"<ul>\n<li>Zur Anwendung bei der Verladung von Kraftstoffen und anderen brennbaren Fl\u00fcssigkeiten in <strong>Tankwagen, Silowagen, Eisenbahnkesselwagen, Containern<\/strong> und anderen Beh\u00e4ltern in Russland und den weiteren L\u00e4ndern der Eurasischen Zollunion<\/li>\n<li>Einsatz in gas- und staubexplosionsgef\u00e4hrdeten Bereichen der <strong>Zonen 1<\/strong> (Ger\u00e4tekategorie <strong>II 2 G<\/strong>) und <strong>21<\/strong> (<strong>II 2 D<\/strong>) und Temperaturen bis <strong>-55\u00b0C<\/strong><\/li>\n<li>Kontrollierte Ableitung der entstehenden <strong>statischen Elektrizit\u00e4t<\/strong><\/li>\n<li><strong>Sofortige Unterbrechung<\/strong> des Bef\u00fcllvorgangs bei unsicherer Erdungsverbindung<\/li>\n<li><strong>EAC Ex-Zertifikat<\/strong> gem\u00e4\u00df g\u00fcltigem TR ZU 012\/2011 Standard<\/li>\n<\/ul>\n","protected":false},"excerpt":{"rendered":"<p>Zur Anwendung bei der Verladung von Kraftstoffen und anderen brennbaren Fl\u00fcssigkeiten in Tankwagen, Silowagen, Eisenbahnkesselwagen, Containern und anderen Beh\u00e4ltern in Russland und den weiteren L\u00e4ndern der Eurasischen Zollunion Einsatz in gas- und staubexplosionsgef\u00e4hrdeten Bereichen der Zonen 1 (Ger\u00e4tekategorie II 2 G) und 21 (II 2 D) und Temperaturen bis -55\u00b0C Kontrollierte Ableitung der entstehenden statischen [&hellip;]<\/p>\n","protected":false},"featured_media":2288,"template":"","meta":[],"product_brand":[],"product_cat":[70],"product_tag":[],"class_list":{"0":"post-2289","1":"product","2":"type-product","3":"status-publish","4":"has-post-thumbnail","6":"product_cat-erdung","8":"first","9":"instock","10":"taxable","11":"shipping-taxable","12":"product-type-simple"},"jetpack_sharing_enabled":true,"_links":{"self":[{"href":"https:\/\/timm-technology.com\/de\/wp-json\/wp\/v2\/product\/2289","targetHints":{"allow":["GET"]}}],"collection":[{"href":"https:\/\/timm-technology.com\/de\/wp-json\/wp\/v2\/product"}],"about":[{"href":"https:\/\/timm-technology.com\/de\/wp-json\/wp\/v2\/types\/product"}],"version-history":[{"count":2,"href":"https:\/\/timm-technology.com\/de\/wp-json\/wp\/v2\/product\/2289\/revisions"}],"predecessor-version":[{"id":2291,"href":"https:\/\/timm-technology.com\/de\/wp-json\/wp\/v2\/product\/2289\/revisions\/2291"}],"wp:featuredmedia":[{"embeddable":true,"href":"https:\/\/timm-technology.com\/de\/wp-json\/wp\/v2\/media\/2288"}],"wp:attachment":[{"href":"https:\/\/timm-technology.com\/de\/wp-json\/wp\/v2\/media?parent=2289"}],"wp:term":[{"taxonomy":"product_brand","embeddable":true,"href":"https:\/\/timm-technology.com\/de\/wp-json\/wp\/v2\/product_brand?post=2289"},{"taxonomy":"product_cat","embeddable":true,"href":"https:\/\/timm-technology.com\/de\/wp-json\/wp\/v2\/product_cat?post=2289"},{"taxonomy":"product_tag","embeddable":true,"href":"https:\/\/timm-technology.com\/de\/wp-json\/wp\/v2\/product_tag?post=2289"}],"curies":[{"name":"wp","href":"https:\/\/api.w.org\/{rel}","templated":true}]}}