{"id":2646,"date":"2023-04-27T15:14:12","date_gmt":"2023-04-27T13:14:12","guid":{"rendered":"http:\/\/relaunch.timm-technology.com\/?post_type=product&#038;p=2646"},"modified":"2024-01-05T09:06:53","modified_gmt":"2024-01-05T08:06:53","slug":"spiral-erdungskabel-beidseitig-mit-oesen","status":"publish","type":"product","link":"https:\/\/timm-technology.com\/de\/produkt\/spiral-erdungskabel-beidseitig-mit-oesen\/","title":{"rendered":"Spiral-Erdungskabel beidseitig mit \u00d6sen"},"content":{"rendered":"<ul>\n<li>An beiden Enden des Erdungskabels befindet sich jeweils ein Ringkabelschuh (\u00d6se).<\/li>\n<li>Die Ringkabelschuhe werden in der Gr\u00f6\u00dfe M8 ausgef\u00fchrt. Andere Weiten sind auf Anfrage erh\u00e4ltlich.<\/li>\n<li>Als Spezialist im Bereich Elektrostatik und Explosionsschutz beraten wir Sie gerne zu Ihrer Anwendung. Bitte sprechen Sie uns hierzu jederzeit gerne an.<\/li>\n<\/ul>\n","protected":false},"excerpt":{"rendered":"<p><strong>Besonders geeignet f\u00fcr:<\/strong> Ortsfeste Erdungsverbindungen oder als Ersatzkabel f\u00fcr vorhandene TIMM Bite Erdungszangen.<\/p>\n","protected":false},"featured_media":2693,"template":"","meta":[],"product_brand":[],"product_cat":[172,70,173],"product_tag":[],"class_list":{"0":"post-2646","1":"product","2":"type-product","3":"status-publish","4":"has-post-thumbnail","6":"product_cat-einfache-erdungsloesungen","7":"product_cat-erdung","8":"product_cat-einfache-erdungsloesungen-kabel","10":"first","11":"instock","12":"taxable","13":"shipping-taxable","14":"purchasable","15":"product-type-variable"},"jetpack_sharing_enabled":true,"_links":{"self":[{"href":"https:\/\/timm-technology.com\/de\/wp-json\/wp\/v2\/product\/2646","targetHints":{"allow":["GET"]}}],"collection":[{"href":"https:\/\/timm-technology.com\/de\/wp-json\/wp\/v2\/product"}],"about":[{"href":"https:\/\/timm-technology.com\/de\/wp-json\/wp\/v2\/types\/product"}],"version-history":[{"count":4,"href":"https:\/\/timm-technology.com\/de\/wp-json\/wp\/v2\/product\/2646\/revisions"}],"predecessor-version":[{"id":11734,"href":"https:\/\/timm-technology.com\/de\/wp-json\/wp\/v2\/product\/2646\/revisions\/11734"}],"wp:featuredmedia":[{"embeddable":true,"href":"https:\/\/timm-technology.com\/de\/wp-json\/wp\/v2\/media\/2693"}],"wp:attachment":[{"href":"https:\/\/timm-technology.com\/de\/wp-json\/wp\/v2\/media?parent=2646"}],"wp:term":[{"taxonomy":"product_brand","embeddable":true,"href":"https:\/\/timm-technology.com\/de\/wp-json\/wp\/v2\/product_brand?post=2646"},{"taxonomy":"product_cat","embeddable":true,"href":"https:\/\/timm-technology.com\/de\/wp-json\/wp\/v2\/product_cat?post=2646"},{"taxonomy":"product_tag","embeddable":true,"href":"https:\/\/timm-technology.com\/de\/wp-json\/wp\/v2\/product_tag?post=2646"}],"curies":[{"name":"wp","href":"https:\/\/api.w.org\/{rel}","templated":true}]}}