{"id":2817,"date":"2023-04-27T16:10:05","date_gmt":"2023-04-27T14:10:05","guid":{"rendered":"https:\/\/timm-technology.com\/?post_type=product&#038;p=2817"},"modified":"2024-01-24T15:23:41","modified_gmt":"2024-01-24T14:23:41","slug":"spiral-erdungskabel-mit-zange-und-ose","status":"publish","type":"product","link":"https:\/\/timm-technology.com\/de\/produkt\/spiral-erdungskabel-mit-zange-und-ose\/","title":{"rendered":"Spiral-Erdungskabel mit Zange und \u00d6se"},"content":{"rendered":"<ul>\n<li>W\u00e4hlen Sie f\u00fcr Ihre Anwendung passgenau aus unseren hochwertigen TIMM Bite Erdungszangen.<\/li>\n<li>Alle unsere Erdungszangen sind ATEX gepr\u00fcft und bis Zone 0 und Zone 20 zugelassen.<\/li>\n<li>Kombinieren Sie zu unseren Erdungszangen ganz flexibel das gew\u00fcnschte Erdungskabel.<\/li>\n<li>Der Ringkabelschuh am Erdungskabel zur Befestigung am lokalen Erdungspunkt wird in der Gr\u00f6\u00dfe M8 ausgef\u00fchrt. Andere Weiten sind auf Anfrage erh\u00e4ltlich.<\/li>\n<li><strong>Hinweis: Bei der Installation ist darauf zu achten, dass das Erdungskabel leitf\u00e4hig und mechanisch gut haltend mit dem ausgewiesenen Erdungspunkt \/ Erdpotential verbunden wird.<\/strong><\/li>\n<li>Als Spezialist im Bereich Elektrostatik und Explosionsschutz beraten wir Sie gerne zu Ihrer Anwendung. Bitte sprechen Sie uns hierzu jederzeit gerne an.<\/li>\n<\/ul>\n","protected":false},"excerpt":{"rendered":"<p><strong>Besonders geeignet f\u00fcr:<\/strong> Elektrostatische Erdung im Umkreis eines festen Erdungspunktes, an welchen das ausziehbare Erdungskabel mittels Ringkabelschuh (\u00d6se) befestigt wird.<\/p>\n","protected":false},"featured_media":2886,"template":"","meta":[],"product_brand":[],"product_cat":[172,70,173],"product_tag":[],"class_list":{"0":"post-2817","1":"product","2":"type-product","3":"status-publish","4":"has-post-thumbnail","6":"product_cat-einfache-erdungsloesungen","7":"product_cat-erdung","8":"product_cat-einfache-erdungsloesungen-kabel","10":"first","11":"instock","12":"taxable","13":"shipping-taxable","14":"purchasable","15":"product-type-variable"},"jetpack_sharing_enabled":true,"_links":{"self":[{"href":"https:\/\/timm-technology.com\/de\/wp-json\/wp\/v2\/product\/2817","targetHints":{"allow":["GET"]}}],"collection":[{"href":"https:\/\/timm-technology.com\/de\/wp-json\/wp\/v2\/product"}],"about":[{"href":"https:\/\/timm-technology.com\/de\/wp-json\/wp\/v2\/types\/product"}],"version-history":[{"count":2,"href":"https:\/\/timm-technology.com\/de\/wp-json\/wp\/v2\/product\/2817\/revisions"}],"predecessor-version":[{"id":2888,"href":"https:\/\/timm-technology.com\/de\/wp-json\/wp\/v2\/product\/2817\/revisions\/2888"}],"wp:featuredmedia":[{"embeddable":true,"href":"https:\/\/timm-technology.com\/de\/wp-json\/wp\/v2\/media\/2886"}],"wp:attachment":[{"href":"https:\/\/timm-technology.com\/de\/wp-json\/wp\/v2\/media?parent=2817"}],"wp:term":[{"taxonomy":"product_brand","embeddable":true,"href":"https:\/\/timm-technology.com\/de\/wp-json\/wp\/v2\/product_brand?post=2817"},{"taxonomy":"product_cat","embeddable":true,"href":"https:\/\/timm-technology.com\/de\/wp-json\/wp\/v2\/product_cat?post=2817"},{"taxonomy":"product_tag","embeddable":true,"href":"https:\/\/timm-technology.com\/de\/wp-json\/wp\/v2\/product_tag?post=2817"}],"curies":[{"name":"wp","href":"https:\/\/api.w.org\/{rel}","templated":true}]}}