{"id":2946,"date":"2023-04-28T09:54:08","date_gmt":"2023-04-28T07:54:08","guid":{"rendered":"https:\/\/timm-technology.com\/?post_type=product&#038;p=2946"},"modified":"2024-01-05T07:59:17","modified_gmt":"2024-01-05T06:59:17","slug":"timm-large-bite-erdungszange","status":"publish","type":"product","link":"https:\/\/timm-technology.com\/de\/produkt\/timm-large-bite-erdungszange\/","title":{"rendered":"TIMM Large Bite Erdungszange"},"content":{"rendered":"<ul>\n<li><strong>Extra gro\u00dfe Erdungszange<\/strong> zum Einsatz in a<strong>nspruchsvollen Arbeitsumgebungen<\/strong><\/li>\n<li><strong>Ideal f\u00fcr gro\u00dfe Objekte<\/strong> dank der extremen \u00d6ffnungsweite und gro\u00dfen Schenkell\u00e4ge<\/li>\n<li>Sehr gute Handhabung mit <strong>dicken Arbeitshandschuhen<\/strong><\/li>\n<li><strong>Hohe Bei\u00dfkraft<\/strong> durch eine <strong>starke Zangenfeder <\/strong><\/li>\n<li>Langlebigkeit und geringe Abnutzung durch <strong>extra geh\u00e4rteten Erdungsspitzen<\/strong><\/li>\n<li>Die kr\u00e4ftigen Edelstahlspitzen k\u00f6nnen auch <strong>d\u00fcnne Lackschichten und leichte Verschmutzungen durchdringen<\/strong><\/li>\n<li>Bei Nichtnutzung werden die Erdungsspitzen durch eine Entlastungsbohrung vor <strong>unn\u00f6tigem Verschlei\u00df gesch\u00fctzt<\/strong><\/li>\n<li>Die <strong>integrierte Zugentlastung<\/strong> der Zange verhindert effektiv das Abrei\u00dfen des Erdungskabels von der Zange im Arbeitseinsatz<\/li>\n<li>Die TIMM Large Bite Erdungszange kann einzeln oder mit einem <strong>fertig angeschlossenen Erdungskabel<\/strong> erworben werden<\/li>\n<li class=\"li1\">Wir empfehlen die Verwendung unseres mechanisch \u00e4u\u00dferst stabilen <strong>spiralisierten Stahlseilkabels<\/strong><\/li>\n<\/ul>\n","protected":false},"excerpt":{"rendered":"<p><strong>Besonders geeignet f\u00fcr:<\/strong> Gro\u00dfe F\u00e4sser, Beh\u00e4lter, Gebinde; Tankwagen, Tankanh\u00e4nger, Tankauflieger, Tankcontainer, Siloz\u00fcge, Bahnkesselwagen<\/p>\n","protected":false},"featured_media":2895,"template":"","meta":[],"product_brand":[],"product_cat":[172,70,174],"product_tag":[],"class_list":{"0":"post-2946","1":"product","2":"type-product","3":"status-publish","4":"has-post-thumbnail","6":"product_cat-einfache-erdungsloesungen","7":"product_cat-erdung","8":"product_cat-einfache-erdungsloesungen-zangen","10":"first","11":"instock","12":"taxable","13":"shipping-taxable","14":"purchasable","15":"product-type-simple"},"jetpack_sharing_enabled":true,"_links":{"self":[{"href":"https:\/\/timm-technology.com\/de\/wp-json\/wp\/v2\/product\/2946","targetHints":{"allow":["GET"]}}],"collection":[{"href":"https:\/\/timm-technology.com\/de\/wp-json\/wp\/v2\/product"}],"about":[{"href":"https:\/\/timm-technology.com\/de\/wp-json\/wp\/v2\/types\/product"}],"version-history":[{"count":3,"href":"https:\/\/timm-technology.com\/de\/wp-json\/wp\/v2\/product\/2946\/revisions"}],"predecessor-version":[{"id":2950,"href":"https:\/\/timm-technology.com\/de\/wp-json\/wp\/v2\/product\/2946\/revisions\/2950"}],"wp:featuredmedia":[{"embeddable":true,"href":"https:\/\/timm-technology.com\/de\/wp-json\/wp\/v2\/media\/2895"}],"wp:attachment":[{"href":"https:\/\/timm-technology.com\/de\/wp-json\/wp\/v2\/media?parent=2946"}],"wp:term":[{"taxonomy":"product_brand","embeddable":true,"href":"https:\/\/timm-technology.com\/de\/wp-json\/wp\/v2\/product_brand?post=2946"},{"taxonomy":"product_cat","embeddable":true,"href":"https:\/\/timm-technology.com\/de\/wp-json\/wp\/v2\/product_cat?post=2946"},{"taxonomy":"product_tag","embeddable":true,"href":"https:\/\/timm-technology.com\/de\/wp-json\/wp\/v2\/product_tag?post=2946"}],"curies":[{"name":"wp","href":"https:\/\/api.w.org\/{rel}","templated":true}]}}