{"id":2953,"date":"2023-04-28T10:05:54","date_gmt":"2023-04-28T08:05:54","guid":{"rendered":"https:\/\/timm-technology.com\/?post_type=product&#038;p=2953"},"modified":"2024-06-20T11:06:35","modified_gmt":"2024-06-20T09:06:35","slug":"timm-medium-bite-erdungszange","status":"publish","type":"product","link":"https:\/\/timm-technology.com\/de\/produkt\/timm-medium-bite-erdungszange\/","title":{"rendered":"TIMM Medium Bite Erdungszange"},"content":{"rendered":"<ul>\n<li><strong>Handliche Universal-Erdungszange<\/strong> zum Einsatz in <strong>anspruchsvollen Arbeitsumgebungen<\/strong><\/li>\n<li>Sehr gute Handhabung mit <strong>dicken Arbeitshandschuhen<\/strong><\/li>\n<li><strong>Hohe Bei\u00dfkraft<\/strong> durch eine <strong>starke Zangenfeder <\/strong><\/li>\n<li>Langlebigkeit und geringe Abnutzung durch <strong>extra geh\u00e4rteten Erdungsspitzen<\/strong><\/li>\n<li>Die kr\u00e4ftigen Edelstahlspitzen k\u00f6nnen auch <strong>d\u00fcnne Lackschichten und leichte Verschmutzungen durchdringen<\/strong><\/li>\n<li>Bei Nichtnutzung werden die Erdungsspitzen durch eine Entlastungsbohrung vor <strong>unn\u00f6tigem Verschlei\u00df gesch\u00fctzt<\/strong><\/li>\n<li>Die <strong>integrierte Zugentlastung<\/strong> der Zange verhindert effektiv das Abrei\u00dfen des Erdungskabels von der Zange im Arbeitseinsatz<\/li>\n<li>Die TIMM Medium Bite Erdungszange kann einzeln oder mit einem <strong>fertig angeschlossenen Erdungskabel<\/strong> erworben werden<\/li>\n<li class=\"li1\">Wir empfehlen die Verwendung unseres mechanisch \u00e4u\u00dferst stabilen <strong>spiralisierten Stahlseilkabels<\/strong><\/li>\n<\/ul>\n","protected":false},"excerpt":{"rendered":"<p><strong>Besonders geeignet f\u00fcr: <\/strong>Mittelgro\u00dfe bis kleine F\u00e4sser, Beh\u00e4lter, Kanister, Kannen, Eimer, Trichter sowie kleine Anlagenteile<\/p>\n","protected":false},"featured_media":2907,"template":"","meta":[],"product_brand":[],"product_cat":[172,70,174],"product_tag":[],"class_list":{"0":"post-2953","1":"product","2":"type-product","3":"status-publish","4":"has-post-thumbnail","6":"product_cat-einfache-erdungsloesungen","7":"product_cat-erdung","8":"product_cat-einfache-erdungsloesungen-zangen","10":"first","11":"instock","12":"taxable","13":"shipping-taxable","14":"purchasable","15":"product-type-simple"},"jetpack_sharing_enabled":true,"_links":{"self":[{"href":"https:\/\/timm-technology.com\/de\/wp-json\/wp\/v2\/product\/2953","targetHints":{"allow":["GET"]}}],"collection":[{"href":"https:\/\/timm-technology.com\/de\/wp-json\/wp\/v2\/product"}],"about":[{"href":"https:\/\/timm-technology.com\/de\/wp-json\/wp\/v2\/types\/product"}],"version-history":[{"count":4,"href":"https:\/\/timm-technology.com\/de\/wp-json\/wp\/v2\/product\/2953\/revisions"}],"predecessor-version":[{"id":13345,"href":"https:\/\/timm-technology.com\/de\/wp-json\/wp\/v2\/product\/2953\/revisions\/13345"}],"wp:featuredmedia":[{"embeddable":true,"href":"https:\/\/timm-technology.com\/de\/wp-json\/wp\/v2\/media\/2907"}],"wp:attachment":[{"href":"https:\/\/timm-technology.com\/de\/wp-json\/wp\/v2\/media?parent=2953"}],"wp:term":[{"taxonomy":"product_brand","embeddable":true,"href":"https:\/\/timm-technology.com\/de\/wp-json\/wp\/v2\/product_brand?post=2953"},{"taxonomy":"product_cat","embeddable":true,"href":"https:\/\/timm-technology.com\/de\/wp-json\/wp\/v2\/product_cat?post=2953"},{"taxonomy":"product_tag","embeddable":true,"href":"https:\/\/timm-technology.com\/de\/wp-json\/wp\/v2\/product_tag?post=2953"}],"curies":[{"name":"wp","href":"https:\/\/api.w.org\/{rel}","templated":true}]}}