{"id":2959,"date":"2023-04-28T10:15:38","date_gmt":"2023-04-28T08:15:38","guid":{"rendered":"https:\/\/timm-technology.com\/?post_type=product&#038;p=2959"},"modified":"2024-01-05T07:54:23","modified_gmt":"2024-01-05T06:54:23","slug":"timm-mini-bite-erdungszange","status":"publish","type":"product","link":"https:\/\/timm-technology.com\/de\/produkt\/timm-mini-bite-erdungszange\/","title":{"rendered":"TIMM Mini Bite Erdungszange"},"content":{"rendered":"<ul>\n<li><strong>Sehr kompakte kleine Zange<\/strong> zur Erdung von Kleinstgebinden, kleinsten Anlagenteilen sowie f\u00fcr Be- und Umf\u00fcllvorg\u00e4nge auf Arbeits- oder Labortischen<\/li>\n<li><strong>Hohe Bei\u00dfkraft<\/strong> durch eine <strong>starke Zangenfeder <\/strong><\/li>\n<li>Langlebigkeit und geringe Abnutzung durch extra <strong>geh\u00e4rteten Erdungsspitzen<\/strong><\/li>\n<li>Die kr\u00e4ftigen Edelstahlspitzen k\u00f6nnen auch <strong>d\u00fcnne Lackschichten und leichte Verschmutzungen durchdringen<\/strong><\/li>\n<li>Bei Nichtnutzung werden die Erdungsspitzen durch eine Entlastungsbohrung vor <strong>unn\u00f6tigem Verschlei\u00df gesch\u00fctzt<\/strong><\/li>\n<li>Die <strong>integrierte Zugentlastung<\/strong> sorgt f\u00fcr einen festen Anschluss des Erdungskabels<\/li>\n<li>Die TIMM Mini Bite Erdungszange kann einzeln oder mit einem <strong>fertig angeschlossenen Erdungskabel<\/strong> erworben werden<\/li>\n<li>Aufgrund der kompakten Baugr\u00f6\u00dfe der TIMM Mini Bite empfehlen wir die Verwendung eines hoch flexiblen <strong>Kupfer-Erdungskabels<\/strong> (nicht spiralisiert)<\/li>\n<\/ul>\n","protected":false},"excerpt":{"rendered":"<p><strong>Besonders geeignet f\u00fcr:<\/strong> Kleine Beh\u00e4lter, Kanister, Eimer, Kannen, Trichter; F\u00fcllen und Abgie\u00dfen auf Werk- und Labortischen; Erdung von kleinsten Anlagenteilen sowie beim Einsatz kleiner Fasspumpen oder R\u00fchrwerke<\/p>\n<p><strong>Mindestbestellmenge<\/strong> (ohne Kabel): 10 Stk.<\/p>\n","protected":false},"featured_media":2923,"template":"","meta":[],"product_brand":[],"product_cat":[172,70,174],"product_tag":[],"class_list":{"0":"post-2959","1":"product","2":"type-product","3":"status-publish","4":"has-post-thumbnail","6":"product_cat-einfache-erdungsloesungen","7":"product_cat-erdung","8":"product_cat-einfache-erdungsloesungen-zangen","10":"first","11":"instock","12":"taxable","13":"shipping-taxable","14":"purchasable","15":"product-type-simple"},"jetpack_sharing_enabled":true,"_links":{"self":[{"href":"https:\/\/timm-technology.com\/de\/wp-json\/wp\/v2\/product\/2959","targetHints":{"allow":["GET"]}}],"collection":[{"href":"https:\/\/timm-technology.com\/de\/wp-json\/wp\/v2\/product"}],"about":[{"href":"https:\/\/timm-technology.com\/de\/wp-json\/wp\/v2\/types\/product"}],"version-history":[{"count":3,"href":"https:\/\/timm-technology.com\/de\/wp-json\/wp\/v2\/product\/2959\/revisions"}],"predecessor-version":[{"id":3541,"href":"https:\/\/timm-technology.com\/de\/wp-json\/wp\/v2\/product\/2959\/revisions\/3541"}],"wp:featuredmedia":[{"embeddable":true,"href":"https:\/\/timm-technology.com\/de\/wp-json\/wp\/v2\/media\/2923"}],"wp:attachment":[{"href":"https:\/\/timm-technology.com\/de\/wp-json\/wp\/v2\/media?parent=2959"}],"wp:term":[{"taxonomy":"product_brand","embeddable":true,"href":"https:\/\/timm-technology.com\/de\/wp-json\/wp\/v2\/product_brand?post=2959"},{"taxonomy":"product_cat","embeddable":true,"href":"https:\/\/timm-technology.com\/de\/wp-json\/wp\/v2\/product_cat?post=2959"},{"taxonomy":"product_tag","embeddable":true,"href":"https:\/\/timm-technology.com\/de\/wp-json\/wp\/v2\/product_tag?post=2959"}],"curies":[{"name":"wp","href":"https:\/\/api.w.org\/{rel}","templated":true}]}}