{"id":2989,"date":"2023-04-28T11:07:43","date_gmt":"2023-04-28T09:07:43","guid":{"rendered":"https:\/\/timm-technology.com\/produkt\/spiralkabel-mit-tankwagen-stecker-10-polig\/"},"modified":"2025-07-02T08:58:48","modified_gmt":"2025-07-02T06:58:48","slug":"spiralkabel-mit-tankwagen-stecker-10-polig","status":"publish","type":"product","link":"https:\/\/timm-technology.com\/de\/produkt\/spiralkabel-mit-tankwagen-stecker-10-polig\/","title":{"rendered":"Spiralkabel mit Tankwagen-Stecker (10-polig)"},"content":{"rendered":"<ul>\n<li><strong>Ausziehbares PUR-Spiralkabel<\/strong> zur direkten Verbindung der \u00dcberf\u00fcllsicherung mit dem Tankwagen. Ausf\u00fchrung mit Tankwagen-Stecker und konfektioniertem Kabelende zum festen (direkten) Anschluss an die \u00dcberf\u00fcllsicherung <strong>EUS-2<\/strong> bzw. <strong>EUS-1<\/strong>.<\/li>\n<li>10-polige Ausf\u00fchrungen mit 4 Verriegelungsbolzen gem\u00e4\u00df Europ\u00e4ischer Norm <strong>EN 13922<\/strong> und <strong>API 2-Draht<\/strong>. Einsetzbar in den <strong>ATEX-Zonen 1<\/strong> und <strong>2<\/strong>.<\/li>\n<\/ul>\n","protected":false},"excerpt":{"rendered":"<p>Ausziehbares PUR-Spiralkabel zur direkten Verbindung der \u00dcberf\u00fcllsicherung mit dem Tankwagen. Ausf\u00fchrung mit Tankwagen-Stecker und konfektioniertem Kabelende zum festen (direkten) Anschluss an die \u00dcberf\u00fcllsicherung EUS-2 bzw. EUS-1. 10-polige Ausf\u00fchrungen mit 4 Verriegelungsbolzen gem\u00e4\u00df Europ\u00e4ischer Norm EN 13922 und API 2-Draht. Einsetzbar in den ATEX-Zonen 1 und 2.<\/p>\n","protected":false},"featured_media":2984,"template":"","meta":[],"product_brand":[],"product_cat":[147,146],"product_tag":[],"class_list":{"0":"post-2989","1":"product","2":"type-product","3":"status-publish","4":"has-post-thumbnail","6":"product_cat-ueberfuellsicherung-kabel","7":"product_cat-ueberfuellsicherung","9":"first","10":"instock","11":"taxable","12":"shipping-taxable","13":"product-type-variable"},"jetpack_sharing_enabled":true,"_links":{"self":[{"href":"https:\/\/timm-technology.com\/de\/wp-json\/wp\/v2\/product\/2989","targetHints":{"allow":["GET"]}}],"collection":[{"href":"https:\/\/timm-technology.com\/de\/wp-json\/wp\/v2\/product"}],"about":[{"href":"https:\/\/timm-technology.com\/de\/wp-json\/wp\/v2\/types\/product"}],"version-history":[{"count":3,"href":"https:\/\/timm-technology.com\/de\/wp-json\/wp\/v2\/product\/2989\/revisions"}],"predecessor-version":[{"id":8088,"href":"https:\/\/timm-technology.com\/de\/wp-json\/wp\/v2\/product\/2989\/revisions\/8088"}],"wp:featuredmedia":[{"embeddable":true,"href":"https:\/\/timm-technology.com\/de\/wp-json\/wp\/v2\/media\/2984"}],"wp:attachment":[{"href":"https:\/\/timm-technology.com\/de\/wp-json\/wp\/v2\/media?parent=2989"}],"wp:term":[{"taxonomy":"product_brand","embeddable":true,"href":"https:\/\/timm-technology.com\/de\/wp-json\/wp\/v2\/product_brand?post=2989"},{"taxonomy":"product_cat","embeddable":true,"href":"https:\/\/timm-technology.com\/de\/wp-json\/wp\/v2\/product_cat?post=2989"},{"taxonomy":"product_tag","embeddable":true,"href":"https:\/\/timm-technology.com\/de\/wp-json\/wp\/v2\/product_tag?post=2989"}],"curies":[{"name":"wp","href":"https:\/\/api.w.org\/{rel}","templated":true}]}}