{"id":3033,"date":"2023-04-28T11:36:12","date_gmt":"2023-04-28T09:36:12","guid":{"rendered":"http:\/\/relaunch.timm-technology.com\/?post_type=product&#038;p=3033"},"modified":"2025-07-02T09:03:29","modified_gmt":"2025-07-02T07:03:29","slug":"spiralkabel-mit-tankwagen-stecker-7-polig","status":"publish","type":"product","link":"https:\/\/timm-technology.com\/de\/produkt\/spiralkabel-mit-tankwagen-stecker-7-polig\/","title":{"rendered":"Spiralkabel mit Tankwagen-Stecker (7-polig)"},"content":{"rendered":"<ul>\n<li><strong>Ausziehbares PUR-Spiralkabe<\/strong>l zur direkten Verbindung der \u00dcberf\u00fcllsicherung mit dem Tankwagen. Ausf\u00fchrung mit Tankwagen-Stecker und konfektioniertem Kabelende zum festen (direkten) Anschluss an die \u00dcberf\u00fcllsicherung <strong>EUS-2<\/strong> bzw. <strong>EUS-1<\/strong>.<\/li>\n<li>7-polige Ausf\u00fchrungen mit 3 Verriegelungsbolzen passend auf 6-polige TW-Steckdosen f\u00fcr optische 5-Draht Sensoren nach <strong>US Standard API RP 1004<\/strong>. Einsetzbar in den <strong>ATEX-Zonen 1<\/strong> und <strong>2<\/strong>.<\/li>\n<\/ul>\n","protected":false},"excerpt":{"rendered":"<p>Ausziehbares PUR-Spiralkabel zur direkten Verbindung der \u00dcberf\u00fcllsicherung mit dem Tankwagen. Ausf\u00fchrung mit Tankwagen-Stecker und konfektioniertem Kabelende zum festen (direkten) Anschluss an die \u00dcberf\u00fcllsicherung EUS-2 bzw. EUS-1. 7-polige Ausf\u00fchrungen mit 3 Verriegelungsbolzen passend auf 6-polige TW-Steckdosen f\u00fcr optische 5-Draht Sensoren nach US Standard API RP 1004. Einsetzbar in den ATEX-Zonen 1 und 2.<\/p>\n","protected":false},"featured_media":3020,"template":"","meta":[],"product_brand":[],"product_cat":[147,146],"product_tag":[],"class_list":{"0":"post-3033","1":"product","2":"type-product","3":"status-publish","4":"has-post-thumbnail","6":"product_cat-ueberfuellsicherung-kabel","7":"product_cat-ueberfuellsicherung","9":"first","10":"instock","11":"taxable","12":"shipping-taxable","13":"product-type-variable"},"jetpack_sharing_enabled":true,"_links":{"self":[{"href":"https:\/\/timm-technology.com\/de\/wp-json\/wp\/v2\/product\/3033","targetHints":{"allow":["GET"]}}],"collection":[{"href":"https:\/\/timm-technology.com\/de\/wp-json\/wp\/v2\/product"}],"about":[{"href":"https:\/\/timm-technology.com\/de\/wp-json\/wp\/v2\/types\/product"}],"version-history":[{"count":5,"href":"https:\/\/timm-technology.com\/de\/wp-json\/wp\/v2\/product\/3033\/revisions"}],"predecessor-version":[{"id":14341,"href":"https:\/\/timm-technology.com\/de\/wp-json\/wp\/v2\/product\/3033\/revisions\/14341"}],"wp:featuredmedia":[{"embeddable":true,"href":"https:\/\/timm-technology.com\/de\/wp-json\/wp\/v2\/media\/3020"}],"wp:attachment":[{"href":"https:\/\/timm-technology.com\/de\/wp-json\/wp\/v2\/media?parent=3033"}],"wp:term":[{"taxonomy":"product_brand","embeddable":true,"href":"https:\/\/timm-technology.com\/de\/wp-json\/wp\/v2\/product_brand?post=3033"},{"taxonomy":"product_cat","embeddable":true,"href":"https:\/\/timm-technology.com\/de\/wp-json\/wp\/v2\/product_cat?post=3033"},{"taxonomy":"product_tag","embeddable":true,"href":"https:\/\/timm-technology.com\/de\/wp-json\/wp\/v2\/product_tag?post=3033"}],"curies":[{"name":"wp","href":"https:\/\/api.w.org\/{rel}","templated":true}]}}