{"id":3046,"date":"2023-04-28T11:44:15","date_gmt":"2023-04-28T09:44:15","guid":{"rendered":"http:\/\/relaunch.timm-technology.com\/?post_type=product&#038;p=3046"},"modified":"2025-07-16T12:46:11","modified_gmt":"2025-07-16T10:46:11","slug":"spiralkabel-mit-tankwagen-stecker-7-polig-und-trennstecker","status":"publish","type":"product","link":"https:\/\/timm-technology.com\/de\/produkt\/spiralkabel-mit-tankwagen-stecker-7-polig-und-trennstecker\/","title":{"rendered":"Spiralkabel mit Tankwagen-Stecker (7-polig) und Trennstecker"},"content":{"rendered":"<ul>\n<li><strong>Ausziehbares PUR-Spiralkabe<\/strong>l zur direkten Verbindung der \u00dcberf\u00fcllsicherung mit dem Tankwagen. Der <strong>Trennstecker<\/strong> funktioniert in Verbindung mit einer Trennsteckdose (bspw. EUS-1-ST\/P) als <strong>Abrei\u00dfsicherung<\/strong> bei verfr\u00fchtem Losfahren des Tankwagens.<\/li>\n<li>7-polige Ausf\u00fchrungen mit 3 Verriegelungsbolzen passend auf 6-polige TW-Steckdosen f\u00fcr optische 5-Draht Sensoren nach <strong>US Standard API RP 1004<\/strong>. Einsetzbar in den <strong>ATEX-Zonen 1<\/strong> und <strong>2<\/strong>.<\/li>\n<\/ul>\n","protected":false},"excerpt":{"rendered":"<p>Ausziehbares PUR-Spiralkabel zur direkten Verbindung der \u00dcberf\u00fcllsicherung mit dem Tankwagen. Der Trennstecker funktioniert in Verbindung mit einer Trennsteckdose (bspw. EUS-1-ST\/P) als Abrei\u00dfsicherung bei verfr\u00fchtem Losfahren des Tankwagens. 7-polige Ausf\u00fchrungen mit 3 Verriegelungsbolzen passend auf 6-polige TW-Steckdosen f\u00fcr optische 5-Draht Sensoren nach US Standard API RP 1004. Einsetzbar in den ATEX-Zonen 1 und 2.<\/p>\n","protected":false},"featured_media":3028,"template":"","meta":[],"product_brand":[],"product_cat":[147,146],"product_tag":[],"class_list":{"0":"post-3046","1":"product","2":"type-product","3":"status-publish","4":"has-post-thumbnail","6":"product_cat-ueberfuellsicherung-kabel","7":"product_cat-ueberfuellsicherung","9":"first","10":"instock","11":"taxable","12":"shipping-taxable","13":"product-type-variable"},"jetpack_sharing_enabled":true,"_links":{"self":[{"href":"https:\/\/timm-technology.com\/de\/wp-json\/wp\/v2\/product\/3046","targetHints":{"allow":["GET"]}}],"collection":[{"href":"https:\/\/timm-technology.com\/de\/wp-json\/wp\/v2\/product"}],"about":[{"href":"https:\/\/timm-technology.com\/de\/wp-json\/wp\/v2\/types\/product"}],"version-history":[{"count":4,"href":"https:\/\/timm-technology.com\/de\/wp-json\/wp\/v2\/product\/3046\/revisions"}],"predecessor-version":[{"id":8109,"href":"https:\/\/timm-technology.com\/de\/wp-json\/wp\/v2\/product\/3046\/revisions\/8109"}],"wp:featuredmedia":[{"embeddable":true,"href":"https:\/\/timm-technology.com\/de\/wp-json\/wp\/v2\/media\/3028"}],"wp:attachment":[{"href":"https:\/\/timm-technology.com\/de\/wp-json\/wp\/v2\/media?parent=3046"}],"wp:term":[{"taxonomy":"product_brand","embeddable":true,"href":"https:\/\/timm-technology.com\/de\/wp-json\/wp\/v2\/product_brand?post=3046"},{"taxonomy":"product_cat","embeddable":true,"href":"https:\/\/timm-technology.com\/de\/wp-json\/wp\/v2\/product_cat?post=3046"},{"taxonomy":"product_tag","embeddable":true,"href":"https:\/\/timm-technology.com\/de\/wp-json\/wp\/v2\/product_tag?post=3046"}],"curies":[{"name":"wp","href":"https:\/\/api.w.org\/{rel}","templated":true}]}}