{"id":3087,"date":"2023-04-28T11:58:44","date_gmt":"2023-04-28T09:58:44","guid":{"rendered":"https:\/\/timm-technology.com\/produkt\/trennsteckdose-mit-parksteckdose-zum-anschluss-eines-steckbaren-spiralkabels\/"},"modified":"2025-07-16T13:05:19","modified_gmt":"2025-07-16T11:05:19","slug":"trennsteckdose-mit-parksteckdose-zum-anschluss-eines-steckbaren-spiralkabels","status":"publish","type":"product","link":"https:\/\/timm-technology.com\/de\/produkt\/trennsteckdose-mit-parksteckdose-zum-anschluss-eines-steckbaren-spiralkabels\/","title":{"rendered":"Trennsteckdose mit Parksteckdose zum Anschluss eines steckbaren Spiralkabels"},"content":{"rendered":"<p>Die Trennsteckdose stellt eine sichere Verbindung des Tankwagenkabels mit der \u00dcberf\u00fcllsicherung her. Mit einer <strong>Ex i Trennbuchse<\/strong> zum Anschluss eines steckbaren Tankwagen-Spiralkabels wie bspw. EUS1-SSK710.<\/p>\n<p>Die Trennbuchse dient in Kombination mit dem Trennstecker am Tankwagenkabel als <strong>Abrei\u00dfsicherung<\/strong> beim verfr\u00fchten Losfahren des Tankwagens.<\/p>\n<p>Der 1 m lange Kabelschwanz ist zum Anschluss an die <strong>\u00dcberf\u00fcllsicherung EUS-2<\/strong> bzw. <strong>EUS-1<\/strong> geeignet, die erkennen, wenn sich der Stecker in <strong>Parkposition<\/strong> befindet und dann z. B. einen Steueraugang zum \u00d6ffnen einer Schranke schalten k\u00f6nnen.<\/p>\n<p>Zum Einsatz in den<strong> ATEX-Zonen 1<\/strong> und <strong>2<\/strong>.<\/p>\n","protected":false},"excerpt":{"rendered":"<p>Die Trennsteckdose stellt eine sichere Verbindung des Tankwagenkabels mit der \u00dcberf\u00fcllsicherung her. Mit einer Ex i Trennbuchse zum Anschluss eines steckbaren Tankwagen-Spiralkabels wie bspw. EUS1-SSK710. Die Trennbuchse dient in Kombination mit dem Trennstecker am Tankwagenkabel als Abrei\u00dfsicherung beim verfr\u00fchten Losfahren des Tankwagens. Der 1 m lange Kabelschwanz ist zum Anschluss an die \u00dcberf\u00fcllsicherung EUS-2 bzw. [&hellip;]<\/p>\n","protected":false},"featured_media":3057,"template":"","meta":[],"product_brand":[],"product_cat":[175,146],"product_tag":[],"class_list":{"0":"post-3087","1":"product","2":"type-product","3":"status-publish","4":"has-post-thumbnail","6":"product_cat-ueberfuellsicherung-trennsteckdosen","7":"product_cat-ueberfuellsicherung","9":"first","10":"instock","11":"taxable","12":"shipping-taxable","13":"product-type-variable"},"jetpack_sharing_enabled":true,"_links":{"self":[{"href":"https:\/\/timm-technology.com\/de\/wp-json\/wp\/v2\/product\/3087","targetHints":{"allow":["GET"]}}],"collection":[{"href":"https:\/\/timm-technology.com\/de\/wp-json\/wp\/v2\/product"}],"about":[{"href":"https:\/\/timm-technology.com\/de\/wp-json\/wp\/v2\/types\/product"}],"version-history":[{"count":4,"href":"https:\/\/timm-technology.com\/de\/wp-json\/wp\/v2\/product\/3087\/revisions"}],"predecessor-version":[{"id":8119,"href":"https:\/\/timm-technology.com\/de\/wp-json\/wp\/v2\/product\/3087\/revisions\/8119"}],"wp:featuredmedia":[{"embeddable":true,"href":"https:\/\/timm-technology.com\/de\/wp-json\/wp\/v2\/media\/3057"}],"wp:attachment":[{"href":"https:\/\/timm-technology.com\/de\/wp-json\/wp\/v2\/media?parent=3087"}],"wp:term":[{"taxonomy":"product_brand","embeddable":true,"href":"https:\/\/timm-technology.com\/de\/wp-json\/wp\/v2\/product_brand?post=3087"},{"taxonomy":"product_cat","embeddable":true,"href":"https:\/\/timm-technology.com\/de\/wp-json\/wp\/v2\/product_cat?post=3087"},{"taxonomy":"product_tag","embeddable":true,"href":"https:\/\/timm-technology.com\/de\/wp-json\/wp\/v2\/product_tag?post=3087"}],"curies":[{"name":"wp","href":"https:\/\/api.w.org\/{rel}","templated":true}]}}