{"id":3095,"date":"2023-04-28T12:15:07","date_gmt":"2023-04-28T10:15:07","guid":{"rendered":"https:\/\/timm-technology.com\/?post_type=product&#038;p=3095"},"modified":"2025-07-02T11:23:41","modified_gmt":"2025-07-02T09:23:41","slug":"trennsteckdose-mit-parksteckdosen-zum-anschluss-von-zwei-steckbaren-spiralkabeln","status":"publish","type":"product","link":"https:\/\/timm-technology.com\/de\/produkt\/trennsteckdose-mit-parksteckdosen-zum-anschluss-von-zwei-steckbaren-spiralkabeln\/","title":{"rendered":"Trennsteckdose mit Parksteckdosen zum Anschluss von zwei steckbaren Spiralkabeln"},"content":{"rendered":"<p>Die Trennsteckdose stellt eine sichere Verbindung des Tankwagenkabels mit der \u00dcberf\u00fcllsicherung her. Ausf\u00fchrung mit <strong>zwei Ex i Trennbuchsen<\/strong> zum Anschluss von zwei steckbaren Tankwagen-Spiralkabeln mit 10-poligem und 7-poligem Stecker..<\/p>\n<p>Die Trennbuchse dient in Kombination mit dem Trennstecker am Tankwagenkabel als <strong>Abrei\u00dfsicherung<\/strong> beim verfr\u00fchten Losfahren des Tankwagens.<\/p>\n<p>Der 1 m lange Kabelschwanz ist zum Anschluss an die <strong>\u00dcberf\u00fcllsicherung EUS-2<\/strong> bzw. <strong>EUS-1<\/strong> geeignet, die erkennen, wenn sich beide Stecker in <strong>Parkposition<\/strong> befinden und dann z. B. einen Steueraugang zum \u00d6ffnen einer Schranke schalten k\u00f6nnen.<\/p>\n<p>Zum Einsatz in den<strong> ATEX-Zonen 1<\/strong> und <strong>2<\/strong>.<\/p>\n","protected":false},"excerpt":{"rendered":"<p>Die Trennsteckdose stellt eine sichere Verbindung des Tankwagenkabels mit der \u00dcberf\u00fcllsicherung her. Ausf\u00fchrung mit zwei Ex i Trennbuchsen zum Anschluss von zwei steckbaren Tankwagen-Spiralkabeln mit 10-poligem und 7-poligem Stecker.. Die Trennbuchse dient in Kombination mit dem Trennstecker am Tankwagenkabel als Abrei\u00dfsicherung beim verfr\u00fchten Losfahren des Tankwagens. Der 1 m lange Kabelschwanz ist zum Anschluss an [&hellip;]<\/p>\n","protected":false},"featured_media":3061,"template":"","meta":[],"product_brand":[],"product_cat":[175,146],"product_tag":[],"class_list":{"0":"post-3095","1":"product","2":"type-product","3":"status-publish","4":"has-post-thumbnail","6":"product_cat-ueberfuellsicherung-trennsteckdosen","7":"product_cat-ueberfuellsicherung","9":"first","10":"instock","11":"taxable","12":"shipping-taxable","13":"product-type-simple"},"jetpack_sharing_enabled":true,"_links":{"self":[{"href":"https:\/\/timm-technology.com\/de\/wp-json\/wp\/v2\/product\/3095","targetHints":{"allow":["GET"]}}],"collection":[{"href":"https:\/\/timm-technology.com\/de\/wp-json\/wp\/v2\/product"}],"about":[{"href":"https:\/\/timm-technology.com\/de\/wp-json\/wp\/v2\/types\/product"}],"version-history":[{"count":4,"href":"https:\/\/timm-technology.com\/de\/wp-json\/wp\/v2\/product\/3095\/revisions"}],"predecessor-version":[{"id":15882,"href":"https:\/\/timm-technology.com\/de\/wp-json\/wp\/v2\/product\/3095\/revisions\/15882"}],"wp:featuredmedia":[{"embeddable":true,"href":"https:\/\/timm-technology.com\/de\/wp-json\/wp\/v2\/media\/3061"}],"wp:attachment":[{"href":"https:\/\/timm-technology.com\/de\/wp-json\/wp\/v2\/media?parent=3095"}],"wp:term":[{"taxonomy":"product_brand","embeddable":true,"href":"https:\/\/timm-technology.com\/de\/wp-json\/wp\/v2\/product_brand?post=3095"},{"taxonomy":"product_cat","embeddable":true,"href":"https:\/\/timm-technology.com\/de\/wp-json\/wp\/v2\/product_cat?post=3095"},{"taxonomy":"product_tag","embeddable":true,"href":"https:\/\/timm-technology.com\/de\/wp-json\/wp\/v2\/product_tag?post=3095"}],"curies":[{"name":"wp","href":"https:\/\/api.w.org\/{rel}","templated":true}]}}