{"id":3106,"date":"2023-04-28T12:19:40","date_gmt":"2023-04-28T10:19:40","guid":{"rendered":"http:\/\/relaunch.timm-technology.com\/?post_type=product&#038;p=3106"},"modified":"2025-07-18T08:25:43","modified_gmt":"2025-07-18T06:25:43","slug":"trennsteckdose-zum-anschluss-eines-steckbaren-spiralkabels","status":"publish","type":"product","link":"https:\/\/timm-technology.com\/de\/produkt\/trennsteckdose-zum-anschluss-eines-steckbaren-spiralkabels\/","title":{"rendered":"Trennsteckdose zum Anschluss eines steckbaren Spiralkabels"},"content":{"rendered":"<p>Die <strong>Trennsteckdose<\/strong> stellt eine sichere Verbindung des Tankwagenkabels mit der \u00dcberf\u00fcllsicherung her. Mit einer <strong>Ex i Trennbuchse<\/strong> zum Anschluss eines steckbaren Tankwagen-Spiralkabels wie bspw. EUS1-SSK710.<\/p>\n<p>Die Trennbuchse funktioniert in Kombination mit dem Trennstecker am Tankwagenkabel als<strong> Abrei\u00dfsicherung<\/strong> beim verfr\u00fchten Losfahren des Tankwagens und soll ein unkontrolliertes Abrei\u00dfen des Kabels verhindern. Der 1 m lange Kabelschwanz ist zum Anschluss an die <strong>\u00dcberf\u00fcllsicherung EUS-2<\/strong> bzw. <strong>EUS-1<\/strong> geeignet.<\/p>\n<p><em>Optional mit Steckerhaltegabel EUS1SHG.<\/em><\/p>\n","protected":false},"excerpt":{"rendered":"<p>Die Trennsteckdose stellt eine sichere Verbindung des Tankwagenkabels mit der \u00dcberf\u00fcllsicherung her. Mit einer Ex i Trennbuchse zum Anschluss eines steckbaren Tankwagen-Spiralkabels wie bspw. EUS1-SSK710. Die Trennbuchse funktioniert in Kombination mit dem Trennstecker am Tankwagenkabel als Abrei\u00dfsicherung beim verfr\u00fchten Losfahren des Tankwagens und soll ein unkontrolliertes Abrei\u00dfen des Kabels verhindern. Der 1 m lange Kabelschwanz [&hellip;]<\/p>\n","protected":false},"featured_media":3065,"template":"","meta":[],"product_brand":[],"product_cat":[175,146],"product_tag":[],"class_list":{"0":"post-3106","1":"product","2":"type-product","3":"status-publish","4":"has-post-thumbnail","6":"product_cat-ueberfuellsicherung-trennsteckdosen","7":"product_cat-ueberfuellsicherung","9":"first","10":"instock","11":"taxable","12":"shipping-taxable","13":"product-type-variable"},"jetpack_sharing_enabled":true,"_links":{"self":[{"href":"https:\/\/timm-technology.com\/de\/wp-json\/wp\/v2\/product\/3106","targetHints":{"allow":["GET"]}}],"collection":[{"href":"https:\/\/timm-technology.com\/de\/wp-json\/wp\/v2\/product"}],"about":[{"href":"https:\/\/timm-technology.com\/de\/wp-json\/wp\/v2\/types\/product"}],"version-history":[{"count":3,"href":"https:\/\/timm-technology.com\/de\/wp-json\/wp\/v2\/product\/3106\/revisions"}],"predecessor-version":[{"id":3508,"href":"https:\/\/timm-technology.com\/de\/wp-json\/wp\/v2\/product\/3106\/revisions\/3508"}],"wp:featuredmedia":[{"embeddable":true,"href":"https:\/\/timm-technology.com\/de\/wp-json\/wp\/v2\/media\/3065"}],"wp:attachment":[{"href":"https:\/\/timm-technology.com\/de\/wp-json\/wp\/v2\/media?parent=3106"}],"wp:term":[{"taxonomy":"product_brand","embeddable":true,"href":"https:\/\/timm-technology.com\/de\/wp-json\/wp\/v2\/product_brand?post=3106"},{"taxonomy":"product_cat","embeddable":true,"href":"https:\/\/timm-technology.com\/de\/wp-json\/wp\/v2\/product_cat?post=3106"},{"taxonomy":"product_tag","embeddable":true,"href":"https:\/\/timm-technology.com\/de\/wp-json\/wp\/v2\/product_tag?post=3106"}],"curies":[{"name":"wp","href":"https:\/\/api.w.org\/{rel}","templated":true}]}}