{"id":3165,"date":"2023-04-28T13:34:35","date_gmt":"2023-04-28T11:34:35","guid":{"rendered":"https:\/\/timm-technology.com\/produkt\/tankwagen-stecker-haltegabel\/"},"modified":"2025-07-16T12:54:28","modified_gmt":"2025-07-16T10:54:28","slug":"tankwagen-stecker-haltegabel","status":"publish","type":"product","link":"https:\/\/timm-technology.com\/de\/produkt\/tankwagen-stecker-haltegabel\/","title":{"rendered":"Tankwagen-Stecker-Haltegabel"},"content":{"rendered":"<ul>\n<li>Haltevorrichtung f\u00fcr <strong>EUS-Tankwagenstecker<\/strong> zum gesicherten Aufh\u00e4ngen nach Abschluss des Bef\u00fcllvorgangs.<\/li>\n<li>Gefertigt aus <strong>robustem V2A<\/strong> und mit <strong>4 Befestigungsbohrungen<\/strong> f\u00fcr eine leichte und schnelle Montage.<\/li>\n<\/ul>\n","protected":false},"excerpt":{"rendered":"<p>Haltevorrichtung f\u00fcr EUS-Tankwagenstecker zum gesicherten Aufh\u00e4ngen nach Abschluss des Bef\u00fcllvorgangs. Gefertigt aus robustem V2A und mit 4 Befestigungsbohrungen f\u00fcr eine leichte und schnelle Montage.<\/p>\n","protected":false},"featured_media":3154,"template":"","meta":[],"product_brand":[],"product_cat":[177,146],"product_tag":[],"class_list":{"0":"post-3165","1":"product","2":"type-product","3":"status-publish","4":"has-post-thumbnail","6":"product_cat-ueberfuellsicherung-sonstiges","7":"product_cat-ueberfuellsicherung","9":"first","10":"instock","11":"taxable","12":"shipping-taxable","13":"product-type-simple"},"jetpack_sharing_enabled":true,"_links":{"self":[{"href":"https:\/\/timm-technology.com\/de\/wp-json\/wp\/v2\/product\/3165","targetHints":{"allow":["GET"]}}],"collection":[{"href":"https:\/\/timm-technology.com\/de\/wp-json\/wp\/v2\/product"}],"about":[{"href":"https:\/\/timm-technology.com\/de\/wp-json\/wp\/v2\/types\/product"}],"version-history":[{"count":2,"href":"https:\/\/timm-technology.com\/de\/wp-json\/wp\/v2\/product\/3165\/revisions"}],"predecessor-version":[{"id":8113,"href":"https:\/\/timm-technology.com\/de\/wp-json\/wp\/v2\/product\/3165\/revisions\/8113"}],"wp:featuredmedia":[{"embeddable":true,"href":"https:\/\/timm-technology.com\/de\/wp-json\/wp\/v2\/media\/3154"}],"wp:attachment":[{"href":"https:\/\/timm-technology.com\/de\/wp-json\/wp\/v2\/media?parent=3165"}],"wp:term":[{"taxonomy":"product_brand","embeddable":true,"href":"https:\/\/timm-technology.com\/de\/wp-json\/wp\/v2\/product_brand?post=3165"},{"taxonomy":"product_cat","embeddable":true,"href":"https:\/\/timm-technology.com\/de\/wp-json\/wp\/v2\/product_cat?post=3165"},{"taxonomy":"product_tag","embeddable":true,"href":"https:\/\/timm-technology.com\/de\/wp-json\/wp\/v2\/product_tag?post=3165"}],"curies":[{"name":"wp","href":"https:\/\/api.w.org\/{rel}","templated":true}]}}