{"id":3185,"date":"2023-04-28T13:45:19","date_gmt":"2023-04-28T11:45:19","guid":{"rendered":"http:\/\/relaunch.timm-technology.com\/produkt\/schiffserdungskabel-mit-schiffserdungszange-sks-4a\/"},"modified":"2023-05-02T11:53:06","modified_gmt":"2023-05-02T09:53:06","slug":"schiffserdungskabel-mit-schiffserdungszange-sks-4a","status":"publish","type":"product","link":"https:\/\/timm-technology.com\/de\/produkt\/schiffserdungskabel-mit-schiffserdungszange-sks-4a\/","title":{"rendered":"Schiffserdungskabel mit Schiffserdungszange SKS-4A"},"content":{"rendered":"<p>Mehradriges <strong>Neopren-Schiffserdungskabel<\/strong> zum direkten Anschluss an das Schiffserdungssystem SEK-3.<strong> Extrem niederohmiges Kabel<\/strong> als Potentialausgleichs- und Messleitung.<\/p>\n<p>Vollst\u00e4ndig konfektioniert mit Spezial-Schiffserdungsklemme SKS-4A aus <strong>nichtrostendem Edelstahl<\/strong>. Verf\u00fcgbar in den L\u00e4ngen 20 m, 25 m und 30 m.<\/p>\n<p><em>Schiffserdungsklemme SKS-4A nur komplett mit angeschlossenem Kabel lieferbar.<\/em><\/p>\n","protected":false},"excerpt":{"rendered":"<p>Mehradriges Neopren-Schiffserdungskabel zum direkten Anschluss an das Schiffserdungssystem SEK-3. Extrem niederohmiges Kabel als Potentialausgleichs- und Messleitung. Vollst\u00e4ndig konfektioniert mit Spezial-Schiffserdungsklemme SKS-4A aus nichtrostendem Edelstahl. Verf\u00fcgbar in den L\u00e4ngen 20 m, 25 m und 30 m. Schiffserdungsklemme SKS-4A nur komplett mit angeschlossenem Kabel lieferbar.<\/p>\n","protected":false},"featured_media":3182,"template":"","meta":[],"product_brand":[],"product_cat":[144],"product_tag":[],"class_list":{"0":"post-3185","1":"product","2":"type-product","3":"status-publish","4":"has-post-thumbnail","6":"product_cat-schiffserdung","8":"first","9":"instock","10":"taxable","11":"shipping-taxable","12":"product-type-variable"},"jetpack_sharing_enabled":true,"_links":{"self":[{"href":"https:\/\/timm-technology.com\/de\/wp-json\/wp\/v2\/product\/3185","targetHints":{"allow":["GET"]}}],"collection":[{"href":"https:\/\/timm-technology.com\/de\/wp-json\/wp\/v2\/product"}],"about":[{"href":"https:\/\/timm-technology.com\/de\/wp-json\/wp\/v2\/types\/product"}],"version-history":[{"count":2,"href":"https:\/\/timm-technology.com\/de\/wp-json\/wp\/v2\/product\/3185\/revisions"}],"predecessor-version":[{"id":3495,"href":"https:\/\/timm-technology.com\/de\/wp-json\/wp\/v2\/product\/3185\/revisions\/3495"}],"wp:featuredmedia":[{"embeddable":true,"href":"https:\/\/timm-technology.com\/de\/wp-json\/wp\/v2\/media\/3182"}],"wp:attachment":[{"href":"https:\/\/timm-technology.com\/de\/wp-json\/wp\/v2\/media?parent=3185"}],"wp:term":[{"taxonomy":"product_brand","embeddable":true,"href":"https:\/\/timm-technology.com\/de\/wp-json\/wp\/v2\/product_brand?post=3185"},{"taxonomy":"product_cat","embeddable":true,"href":"https:\/\/timm-technology.com\/de\/wp-json\/wp\/v2\/product_cat?post=3185"},{"taxonomy":"product_tag","embeddable":true,"href":"https:\/\/timm-technology.com\/de\/wp-json\/wp\/v2\/product_tag?post=3185"}],"curies":[{"name":"wp","href":"https:\/\/api.w.org\/{rel}","templated":true}]}}