{"id":3204,"date":"2023-04-28T14:06:44","date_gmt":"2023-04-28T12:06:44","guid":{"rendered":"http:\/\/relaunch.timm-technology.com\/produkt\/zangenhalter-fur-schiffserdungszange\/"},"modified":"2023-05-02T11:49:32","modified_gmt":"2023-05-02T09:49:32","slug":"zangenhalter-fur-schiffserdungszange","status":"publish","type":"product","link":"https:\/\/timm-technology.com\/de\/produkt\/zangenhalter-fur-schiffserdungszange\/","title":{"rendered":"Zangenhalter f\u00fcr Schiffserdungszange"},"content":{"rendered":"<p><strong>Robuster Zangenhalter<\/strong> aus Aluminium f\u00fcr das sichere Aufh\u00e4ngen der<strong> Schiffserdungszange SKS-4A<\/strong> sowie f\u00fcr Schiffserdungsklemme <strong>SK-3<\/strong>.<\/p>\n<p>Kompatibel mit dem <strong>Schiffserdungssystem SEK-3<\/strong> und dem Vorg\u00e4ngermodell <strong>SEK-2<\/strong>.<\/p>\n","protected":false},"excerpt":{"rendered":"<p>Robuster Zangenhalter aus Aluminium f\u00fcr das sichere Aufh\u00e4ngen der Schiffserdungszange SKS-4A sowie f\u00fcr Schiffserdungsklemme SK-3. Kompatibel mit dem Schiffserdungssystem SEK-3 und dem Vorg\u00e4ngermodell SEK-2.<\/p>\n","protected":false},"featured_media":3198,"template":"","meta":[],"product_brand":[],"product_cat":[144,150],"product_tag":[],"class_list":{"0":"post-3204","1":"product","2":"type-product","3":"status-publish","4":"has-post-thumbnail","6":"product_cat-schiffserdung","7":"product_cat-schiffserdung-sonstiges","9":"first","10":"instock","11":"taxable","12":"shipping-taxable","13":"product-type-simple"},"jetpack_sharing_enabled":true,"_links":{"self":[{"href":"https:\/\/timm-technology.com\/de\/wp-json\/wp\/v2\/product\/3204","targetHints":{"allow":["GET"]}}],"collection":[{"href":"https:\/\/timm-technology.com\/de\/wp-json\/wp\/v2\/product"}],"about":[{"href":"https:\/\/timm-technology.com\/de\/wp-json\/wp\/v2\/types\/product"}],"version-history":[{"count":2,"href":"https:\/\/timm-technology.com\/de\/wp-json\/wp\/v2\/product\/3204\/revisions"}],"predecessor-version":[{"id":3491,"href":"https:\/\/timm-technology.com\/de\/wp-json\/wp\/v2\/product\/3204\/revisions\/3491"}],"wp:featuredmedia":[{"embeddable":true,"href":"https:\/\/timm-technology.com\/de\/wp-json\/wp\/v2\/media\/3198"}],"wp:attachment":[{"href":"https:\/\/timm-technology.com\/de\/wp-json\/wp\/v2\/media?parent=3204"}],"wp:term":[{"taxonomy":"product_brand","embeddable":true,"href":"https:\/\/timm-technology.com\/de\/wp-json\/wp\/v2\/product_brand?post=3204"},{"taxonomy":"product_cat","embeddable":true,"href":"https:\/\/timm-technology.com\/de\/wp-json\/wp\/v2\/product_cat?post=3204"},{"taxonomy":"product_tag","embeddable":true,"href":"https:\/\/timm-technology.com\/de\/wp-json\/wp\/v2\/product_tag?post=3204"}],"curies":[{"name":"wp","href":"https:\/\/api.w.org\/{rel}","templated":true}]}}