{"id":3210,"date":"2023-04-28T14:12:43","date_gmt":"2023-04-28T12:12:43","guid":{"rendered":"http:\/\/relaunch.timm-technology.com\/?post_type=product&#038;p=3210"},"modified":"2025-08-18T08:44:53","modified_gmt":"2025-08-18T06:44:53","slug":"schiffserdungssystem-sek-3","status":"publish","type":"product","link":"https:\/\/timm-technology.com\/de\/produkt\/schiffserdungssystem-sek-3\/","title":{"rendered":"Schiffserdungssystem SEK-3"},"content":{"rendered":"<ul>\n<li><strong>Wirksamer Potentialausgleich<\/strong> zwischen Schiff und landseitigem Anleger beugt m\u00f6glicher Funkenbildung und Entstehung von Hitzenestern vor<\/li>\n<li>H\u00f6chste Sicherheit, da Batterieeffekt (<strong>Galvanischer Effekt<\/strong>) zwischen Schiff und Kaimauer wirkungsvoll unterbrochen wird<\/li>\n<li><strong>Sofortiger F\u00fcllstopp<\/strong>, wenn Erdung unterbrochen wird<\/li>\n<li>Explosionsschutz f\u00fcr den weltweiten Einsatz gem\u00e4\u00df <strong>IECEx<\/strong> und der Europ\u00e4ischen<strong> ATEX-Richtlinie 2014\/34\/EU<\/strong> (Zone 1)<\/li>\n<li>Als\u00a0<strong>unbedingt notwendige<\/strong>\u00a0Sicherheitskomponente auch bei Verwendung isolierender Flansche, Taue, etc.<\/li>\n<li><strong>\u00dcberbr\u00fcckung zwischen lokalen Anforderungen und Industriestandards<\/strong><\/li>\n<li><strong>In \u00dcbereinstimmung mit ISGOTT \/ IGINTT<\/strong><\/li>\n<\/ul>\n","protected":false},"excerpt":{"rendered":"<p>Wirksamer Potentialausgleich zwischen Schiff und landseitigem Anleger beugt m\u00f6glicher Funkenbildung und Entstehung von Hitzenestern vor H\u00f6chste Sicherheit, da Batterieeffekt (Galvanischer Effekt) zwischen Schiff und Kaimauer wirkungsvoll unterbrochen wird Sofortiger F\u00fcllstopp, wenn Erdung unterbrochen wird Explosionsschutz f\u00fcr den weltweiten Einsatz gem\u00e4\u00df IECEx und der Europ\u00e4ischen ATEX-Richtlinie 2014\/34\/EU (Zone 1) Als\u00a0unbedingt notwendige\u00a0Sicherheitskomponente auch bei Verwendung isolierender Flansche, [&hellip;]<\/p>\n","protected":false},"featured_media":3206,"template":"","meta":[],"product_brand":[],"product_cat":[144],"product_tag":[],"class_list":{"0":"post-3210","1":"product","2":"type-product","3":"status-publish","4":"has-post-thumbnail","6":"product_cat-schiffserdung","8":"first","9":"instock","10":"taxable","11":"shipping-taxable","12":"product-type-variable"},"jetpack_sharing_enabled":true,"_links":{"self":[{"href":"https:\/\/timm-technology.com\/de\/wp-json\/wp\/v2\/product\/3210","targetHints":{"allow":["GET"]}}],"collection":[{"href":"https:\/\/timm-technology.com\/de\/wp-json\/wp\/v2\/product"}],"about":[{"href":"https:\/\/timm-technology.com\/de\/wp-json\/wp\/v2\/types\/product"}],"version-history":[{"count":2,"href":"https:\/\/timm-technology.com\/de\/wp-json\/wp\/v2\/product\/3210\/revisions"}],"predecessor-version":[{"id":3234,"href":"https:\/\/timm-technology.com\/de\/wp-json\/wp\/v2\/product\/3210\/revisions\/3234"}],"wp:featuredmedia":[{"embeddable":true,"href":"https:\/\/timm-technology.com\/de\/wp-json\/wp\/v2\/media\/3206"}],"wp:attachment":[{"href":"https:\/\/timm-technology.com\/de\/wp-json\/wp\/v2\/media?parent=3210"}],"wp:term":[{"taxonomy":"product_brand","embeddable":true,"href":"https:\/\/timm-technology.com\/de\/wp-json\/wp\/v2\/product_brand?post=3210"},{"taxonomy":"product_cat","embeddable":true,"href":"https:\/\/timm-technology.com\/de\/wp-json\/wp\/v2\/product_cat?post=3210"},{"taxonomy":"product_tag","embeddable":true,"href":"https:\/\/timm-technology.com\/de\/wp-json\/wp\/v2\/product_tag?post=3210"}],"curies":[{"name":"wp","href":"https:\/\/api.w.org\/{rel}","templated":true}]}}