{"id":3957,"date":"2023-03-23T16:10:37","date_gmt":"2023-03-23T15:10:37","guid":{"rendered":"http:\/\/relaunch.timm-technology.com\/produkt\/kartenleser-kl5-r\/"},"modified":"2023-08-22T12:14:51","modified_gmt":"2023-08-22T10:14:51","slug":"kartenleser-kl5-r","status":"publish","type":"product","link":"https:\/\/timm-technology.com\/de\/produkt\/kartenleser-kl5-r\/","title":{"rendered":"Kartenleser KL5-R"},"content":{"rendered":"<ul>\n<li>Zum Auslesen und Beschreiben von kontaktlosen <strong>RFID Chipkarten <\/strong>in<strong> explosionsgef\u00e4hrdeten Bereichen<\/strong><\/li>\n<li>Einsatz z.B. in <strong>Raffinerien, Tankl\u00e4gern<\/strong>, der <strong>chemischen Industrie<\/strong>, der Medizintechnik, der Lebensmittelindustrie oder in Kraftwerken<\/li>\n<li>Erlaubt den modularen Aufbau von eigensicheren <strong>Zugangskontroll-<\/strong> und <strong>Identifikationssystemen<\/strong><\/li>\n<li>F\u00fcr die Verladung an den <strong>F\u00fcllb\u00fchnen<\/strong>, die <strong>Verwiegung<\/strong> sowie im <strong>Ein- und Ausfahrtsbereich<\/strong><\/li>\n<li>Hoher Schutz gegen raue Umgebungsbedingungen durch<strong> robustes Aluminiumgeh\u00e4use<\/strong> (optional auch mit Edelstahl-Schutzdach erh\u00e4ltlich)<\/li>\n<li>Explosionsschutz gem\u00e4\u00df der europ\u00e4ischen <strong>ATEX-Richtlinie 2014\/34\/EU<\/strong><\/li>\n<\/ul>\n","protected":false},"excerpt":{"rendered":"<p>Zum Auslesen und Beschreiben von kontaktlosen RFID Chipkarten in explosionsgef\u00e4hrdeten Bereichen Einsatz z.B. in Raffinerien, Tankl\u00e4gern, der chemischen Industrie, der Medizintechnik, der Lebensmittelindustrie oder in Kraftwerken Erlaubt den modularen Aufbau von eigensicheren Zugangskontroll- und Identifikationssystemen F\u00fcr die Verladung an den F\u00fcllb\u00fchnen, die Verwiegung sowie im Ein- und Ausfahrtsbereich Hoher Schutz gegen raue Umgebungsbedingungen durch robustes [&hellip;]<\/p>\n","protected":false},"featured_media":281,"template":"","meta":[],"product_brand":[],"product_cat":[73],"product_tag":[],"class_list":{"0":"post-3957","1":"product","2":"type-product","3":"status-publish","4":"has-post-thumbnail","6":"product_cat-kartenleser","8":"first","9":"instock","10":"taxable","11":"shipping-taxable","12":"product-type-simple"},"jetpack_sharing_enabled":true,"_links":{"self":[{"href":"https:\/\/timm-technology.com\/de\/wp-json\/wp\/v2\/product\/3957","targetHints":{"allow":["GET"]}}],"collection":[{"href":"https:\/\/timm-technology.com\/de\/wp-json\/wp\/v2\/product"}],"about":[{"href":"https:\/\/timm-technology.com\/de\/wp-json\/wp\/v2\/types\/product"}],"version-history":[{"count":1,"href":"https:\/\/timm-technology.com\/de\/wp-json\/wp\/v2\/product\/3957\/revisions"}],"predecessor-version":[{"id":3958,"href":"https:\/\/timm-technology.com\/de\/wp-json\/wp\/v2\/product\/3957\/revisions\/3958"}],"wp:featuredmedia":[{"embeddable":true,"href":"https:\/\/timm-technology.com\/de\/wp-json\/wp\/v2\/media\/281"}],"wp:attachment":[{"href":"https:\/\/timm-technology.com\/de\/wp-json\/wp\/v2\/media?parent=3957"}],"wp:term":[{"taxonomy":"product_brand","embeddable":true,"href":"https:\/\/timm-technology.com\/de\/wp-json\/wp\/v2\/product_brand?post=3957"},{"taxonomy":"product_cat","embeddable":true,"href":"https:\/\/timm-technology.com\/de\/wp-json\/wp\/v2\/product_cat?post=3957"},{"taxonomy":"product_tag","embeddable":true,"href":"https:\/\/timm-technology.com\/de\/wp-json\/wp\/v2\/product_tag?post=3957"}],"curies":[{"name":"wp","href":"https:\/\/api.w.org\/{rel}","templated":true}]}}